{"id":40696,"date":"2026-01-27T18:59:13","date_gmt":"2026-01-27T18:59:13","guid":{"rendered":"https:\/\/www.deporteseli.com\/?product=camiseta-deportiva-tour"},"modified":"2026-03-07T05:45:19","modified_gmt":"2026-03-07T05:45:19","slug":"camiseta-deportiva-tour","status":"publish","type":"product","link":"https:\/\/www.deporteseli.com\/?product=camiseta-deportiva-tour","title":{"rendered":"CAMISETA DEPORTIVA TOUR"},"content":{"rendered":"<p>Camiseta deportiva para hombre, fabricada en tejido resistente y ligero. La camiseta est\u00e1 confeccionada con poli\u00e9ster para garantizar su r\u00e1pido secado, y con elastano, que favorece la elasticidad y flexibilidad, por lo que son perfectas para la pr\u00e1ctica de todo tipo de deportes. Esta camiseta t\u00e9cnica est\u00e1 fabricada con la tecnolog\u00eda SINCRONIC, que evita arrugas y deformaci\u00f3n en los tejidos. La camiseta del conjunto Tire es perfecta para la pr\u00e1ctica de todo tipo de deportes, con un dise\u00f1o colorido y vers\u00e1til.                                                                                                                                                                                                                                                                                                                                                                                                                                                                                                                                                                                                                                                                                                                                                                                                                                                                                                                                                                                                                                        <\/p>\n","protected":false},"excerpt":{"rendered":"<p>CAMISETA DEPORTIVA TOUR<\/p>\n","protected":false},"featured_media":54587,"template":"","meta":[],"product_brand":[],"product_cat":[364],"product_tag":[],"class_list":{"0":"post-40696","1":"product","2":"type-product","3":"status-publish","4":"has-post-thumbnail","6":"product_cat-padel_y_tenis_textil_camisas","7":"pa_color-unico","8":"pa_talla-l","9":"thunk-woo-product-list","10":"opn-qv-enable","11":"open-woo-hover-","12":"open-single-product-tab-horizontal","13":"open-shadow-","14":"open-shadow-hover-","16":"first","17":"instock","18":"shipping-taxable","19":"purchasable","20":"product-type-variable"},"jetpack_sharing_enabled":true,"_links":{"self":[{"href":"https:\/\/www.deporteseli.com\/index.php?rest_route=\/wp\/v2\/product\/40696","targetHints":{"allow":["GET"]}}],"collection":[{"href":"https:\/\/www.deporteseli.com\/index.php?rest_route=\/wp\/v2\/product"}],"about":[{"href":"https:\/\/www.deporteseli.com\/index.php?rest_route=\/wp\/v2\/types\/product"}],"wp:featuredmedia":[{"embeddable":true,"href":"https:\/\/www.deporteseli.com\/index.php?rest_route=\/wp\/v2\/media\/54587"}],"wp:attachment":[{"href":"https:\/\/www.deporteseli.com\/index.php?rest_route=%2Fwp%2Fv2%2Fmedia&parent=40696"}],"wp:term":[{"taxonomy":"product_brand","embeddable":true,"href":"https:\/\/www.deporteseli.com\/index.php?rest_route=%2Fwp%2Fv2%2Fproduct_brand&post=40696"},{"taxonomy":"product_cat","embeddable":true,"href":"https:\/\/www.deporteseli.com\/index.php?rest_route=%2Fwp%2Fv2%2Fproduct_cat&post=40696"},{"taxonomy":"product_tag","embeddable":true,"href":"https:\/\/www.deporteseli.com\/index.php?rest_route=%2Fwp%2Fv2%2Fproduct_tag&post=40696"}],"curies":[{"name":"wp","href":"https:\/\/api.w.org\/{rel}","templated":true}]}}