{"id":40691,"date":"2026-01-27T18:59:07","date_gmt":"2026-01-27T18:59:07","guid":{"rendered":"https:\/\/www.deporteseli.com\/?product=zapatillas-comodas-de-mujer-chesa-negro"},"modified":"2026-01-27T18:59:12","modified_gmt":"2026-01-27T18:59:12","slug":"zapatillas-comodas-de-mujer-chesa-negro","status":"publish","type":"product","link":"https:\/\/www.deporteseli.com\/?product=zapatillas-comodas-de-mujer-chesa-negro","title":{"rendered":"ZAPATILLAS C\u00f3MODAS DE MUJER CHESA NEGRO"},"content":{"rendered":"<p>Zapatillas deportivas c\u00f3modas de mujer en color negro con doble cierre adherente.    Fabricadas con la plantilla \u201cComfort Foam\u201d, una plantilla especial que aporta comodidad, transpiraci\u00f3n, adaptabilidad y amortiguaci\u00f3n.    Este modelo est\u00e1 dise\u00f1ado con materiales transpirables, suela ligera y flexible para su uso diario.                                                                                                                                                                                                                                                                                                                                                                                                                                                                                                                                                                                                                                                                                                                                                                                                                                                                                                                                                                                                                                        <\/p>\n","protected":false},"excerpt":{"rendered":"<p>ZAPATILLAS C\u00f3MODAS DE MUJER CHESA NEGRO<\/p>\n","protected":false},"featured_media":54586,"template":"","meta":[],"product_brand":[],"product_cat":[285],"product_tag":[],"class_list":{"0":"post-40691","1":"product","2":"type-product","3":"status-publish","4":"has-post-thumbnail","6":"product_cat-mujer_calzado_running","7":"pa_color-unico","8":"pa_talla-143","9":"pa_talla-145","10":"pa_talla-147","11":"pa_talla-149","12":"thunk-woo-product-list","13":"opn-qv-enable","14":"open-woo-hover-","15":"open-single-product-tab-horizontal","16":"open-shadow-","17":"open-shadow-hover-","19":"first","20":"instock","21":"sale","22":"shipping-taxable","23":"purchasable","24":"product-type-variable"},"jetpack_sharing_enabled":true,"_links":{"self":[{"href":"https:\/\/www.deporteseli.com\/index.php?rest_route=\/wp\/v2\/product\/40691","targetHints":{"allow":["GET"]}}],"collection":[{"href":"https:\/\/www.deporteseli.com\/index.php?rest_route=\/wp\/v2\/product"}],"about":[{"href":"https:\/\/www.deporteseli.com\/index.php?rest_route=\/wp\/v2\/types\/product"}],"wp:featuredmedia":[{"embeddable":true,"href":"https:\/\/www.deporteseli.com\/index.php?rest_route=\/wp\/v2\/media\/54586"}],"wp:attachment":[{"href":"https:\/\/www.deporteseli.com\/index.php?rest_route=%2Fwp%2Fv2%2Fmedia&parent=40691"}],"wp:term":[{"taxonomy":"product_brand","embeddable":true,"href":"https:\/\/www.deporteseli.com\/index.php?rest_route=%2Fwp%2Fv2%2Fproduct_brand&post=40691"},{"taxonomy":"product_cat","embeddable":true,"href":"https:\/\/www.deporteseli.com\/index.php?rest_route=%2Fwp%2Fv2%2Fproduct_cat&post=40691"},{"taxonomy":"product_tag","embeddable":true,"href":"https:\/\/www.deporteseli.com\/index.php?rest_route=%2Fwp%2Fv2%2Fproduct_tag&post=40691"}],"curies":[{"name":"wp","href":"https:\/\/api.w.org\/{rel}","templated":true}]}}