{"id":40686,"date":"2026-01-27T18:59:01","date_gmt":"2026-01-27T18:59:01","guid":{"rendered":"https:\/\/www.deporteseli.com\/?product=zapatillas-de-hombre-chansi-negro"},"modified":"2026-02-16T07:48:23","modified_gmt":"2026-02-16T07:48:23","slug":"zapatillas-de-hombre-chansi-negro","status":"publish","type":"product","link":"https:\/\/www.deporteseli.com\/?product=zapatillas-de-hombre-chansi-negro","title":{"rendered":"ZAPATILLAS DE HOMBRE CHANSI NEGRO"},"content":{"rendered":"<p>Calzado sport c\u00f3modo de hombre con doble cierre adherente.    Fabricado con la plantilla \u201cComfort Foam\u201d, una plantilla especial que aporta comodidad, transpiraci\u00f3n, adaptabilidad y amortiguaci\u00f3n.    Este modelo en color negro, est\u00e1 dise\u00f1ado con empeine transpirable y una suela ligera y flexible para su uso diario.                                                                                                                                                                                                                                                                                                                                                                                                                                                                                                                                                                                                                                                                                                                                                                                                                                                                                                                                                                                                                                        <\/p>\n","protected":false},"excerpt":{"rendered":"<p>ZAPATILLAS DE HOMBRE CHANSI NEGRO<\/p>\n","protected":false},"featured_media":54585,"template":"","meta":[],"product_brand":[],"product_cat":[259],"product_tag":[],"class_list":{"0":"post-40686","1":"product","2":"type-product","3":"status-publish","4":"has-post-thumbnail","6":"product_cat-hombre_calzado_running","7":"pa_color-unico","8":"pa_talla-147","9":"pa_talla-157","10":"pa_talla-159","11":"pa_talla-161","12":"thunk-woo-product-list","13":"opn-qv-enable","14":"open-woo-hover-","15":"open-single-product-tab-horizontal","16":"open-shadow-","17":"open-shadow-hover-","19":"first","20":"instock","21":"sale","22":"shipping-taxable","23":"purchasable","24":"product-type-variable"},"jetpack_sharing_enabled":true,"_links":{"self":[{"href":"https:\/\/www.deporteseli.com\/index.php?rest_route=\/wp\/v2\/product\/40686","targetHints":{"allow":["GET"]}}],"collection":[{"href":"https:\/\/www.deporteseli.com\/index.php?rest_route=\/wp\/v2\/product"}],"about":[{"href":"https:\/\/www.deporteseli.com\/index.php?rest_route=\/wp\/v2\/types\/product"}],"wp:featuredmedia":[{"embeddable":true,"href":"https:\/\/www.deporteseli.com\/index.php?rest_route=\/wp\/v2\/media\/54585"}],"wp:attachment":[{"href":"https:\/\/www.deporteseli.com\/index.php?rest_route=%2Fwp%2Fv2%2Fmedia&parent=40686"}],"wp:term":[{"taxonomy":"product_brand","embeddable":true,"href":"https:\/\/www.deporteseli.com\/index.php?rest_route=%2Fwp%2Fv2%2Fproduct_brand&post=40686"},{"taxonomy":"product_cat","embeddable":true,"href":"https:\/\/www.deporteseli.com\/index.php?rest_route=%2Fwp%2Fv2%2Fproduct_cat&post=40686"},{"taxonomy":"product_tag","embeddable":true,"href":"https:\/\/www.deporteseli.com\/index.php?rest_route=%2Fwp%2Fv2%2Fproduct_tag&post=40686"}],"curies":[{"name":"wp","href":"https:\/\/api.w.org\/{rel}","templated":true}]}}