{"id":40677,"date":"2026-01-27T18:58:49","date_gmt":"2026-01-27T18:58:49","guid":{"rendered":"https:\/\/www.deporteseli.com\/?product=rinonera-champion-802349"},"modified":"2026-01-27T18:58:51","modified_gmt":"2026-01-27T18:58:51","slug":"rinonera-champion-802349","status":"publish","type":"product","link":"https:\/\/www.deporteseli.com\/?product=rinonera-champion-802349","title":{"rendered":"RI\u00f1ONERA CHAMPION 802349"},"content":{"rendered":"<p>Descripci\u00f3n  Almacena todos tus enseres diarios con este bolso ri\u00f1onera de Champion detallado con una fina etiqueta de jacquard. Combinar\u00e1 a la perfecci\u00f3n con cualquier atuendo y te otorgar\u00e1 un toque de lo m\u00e1s desenfadado.    Caracter\u00edsticas  Etiqueta de jacquard con logotipo.  Correa para el cintur\u00f3n ajustable.  Cierre de cremallera.  Bolsillo con cremallera en la parte delantera.  Poli\u00e9ster tejido ligero de 600D de 230 g\/m\u00b2.  100 % poli\u00e9ster.  Color: Beige.                                                                                                                                                                                                                                                                                                                                                                                                                                                                                                                                                                                                                                                                                                                                                                                                                                                                                                                                                                                                                                        <\/p>\n","protected":false},"excerpt":{"rendered":"<p>RI\u00f1ONERA CHAMPION 802349<\/p>\n","protected":false},"featured_media":54580,"template":"","meta":[],"product_brand":[],"product_cat":[410],"product_tag":[51],"class_list":{"0":"post-40677","1":"product","2":"type-product","3":"status-publish","4":"has-post-thumbnail","6":"product_cat-accesorios_rinoneras","7":"product_tag-champion","8":"pa_color-unico","9":"pa_talla-unica","10":"thunk-woo-product-list","11":"opn-qv-enable","12":"open-woo-hover-","13":"open-single-product-tab-horizontal","14":"open-shadow-","15":"open-shadow-hover-","17":"first","18":"instock","19":"shipping-taxable","20":"purchasable","21":"product-type-variable"},"jetpack_sharing_enabled":true,"_links":{"self":[{"href":"https:\/\/www.deporteseli.com\/index.php?rest_route=\/wp\/v2\/product\/40677","targetHints":{"allow":["GET"]}}],"collection":[{"href":"https:\/\/www.deporteseli.com\/index.php?rest_route=\/wp\/v2\/product"}],"about":[{"href":"https:\/\/www.deporteseli.com\/index.php?rest_route=\/wp\/v2\/types\/product"}],"wp:featuredmedia":[{"embeddable":true,"href":"https:\/\/www.deporteseli.com\/index.php?rest_route=\/wp\/v2\/media\/54580"}],"wp:attachment":[{"href":"https:\/\/www.deporteseli.com\/index.php?rest_route=%2Fwp%2Fv2%2Fmedia&parent=40677"}],"wp:term":[{"taxonomy":"product_brand","embeddable":true,"href":"https:\/\/www.deporteseli.com\/index.php?rest_route=%2Fwp%2Fv2%2Fproduct_brand&post=40677"},{"taxonomy":"product_cat","embeddable":true,"href":"https:\/\/www.deporteseli.com\/index.php?rest_route=%2Fwp%2Fv2%2Fproduct_cat&post=40677"},{"taxonomy":"product_tag","embeddable":true,"href":"https:\/\/www.deporteseli.com\/index.php?rest_route=%2Fwp%2Fv2%2Fproduct_tag&post=40677"}],"curies":[{"name":"wp","href":"https:\/\/api.w.org\/{rel}","templated":true}]}}