{"id":40674,"date":"2026-01-27T18:58:45","date_gmt":"2026-01-27T18:58:45","guid":{"rendered":"https:\/\/www.deporteseli.com\/?product=zapatillas-kswiss-express-light-3-hb-clay"},"modified":"2026-01-29T10:21:29","modified_gmt":"2026-01-29T10:21:29","slug":"zapatillas-kswiss-express-light-3-hb-clay","status":"publish","type":"product","link":"https:\/\/www.deporteseli.com\/?product=zapatillas-kswiss-express-light-3-hb-clay","title":{"rendered":"ZAPATILLAS KSWISS EXPRESS LIGHT 3 HB CLAY"},"content":{"rendered":"<p>DESCRIPCI\u00d3N  Dise\u00f1adas especialmente para aquellos deportistas que buscan rendimiento, comodidad y estilo.Con su tecnolog\u00eda Durawrap Light, las zapatillas proporcionan una mayor durabilidad en las zonas de mayor desgaste. Adem\u00e1s, su suela de goma de alta densidad brinda un agarre excepcional y una mayor estabilidad al momento de realizar movimientos laterales y cambios de direcci\u00f3n.La comodidad es una de sus principales caracter\u00edsticas. Su entresuela de EVA y la tecnolog\u00eda Shock Spring en el tal\u00f3n ofrecen una amortiguaci\u00f3n excelente y una respuesta de energ\u00eda en cada paso, reduciendo el impacto en las articulaciones y permitiendo una mayor recuperaci\u00f3n muscular.Adem\u00e1s, su dise\u00f1o elegante y moderno en color negro permite combinar las zapatillas con cualquier outfit deportivo, convirti\u00e9ndolas en el complemento perfecto para cualquier entrenamiento.  CARACTER\u00cdSTICAS  Tecnolog\u00eda Durawrap Light de Kswiss para mayor durabilidad.  Suela de goma de alta densidad para mayor agarre y estabilidad.  Entresuela de EVA y tecnolog\u00eda Shock Spring de Kswiss para una excelente amortiguaci\u00f3n y respuesta de energ\u00eda.  Suela clay (espiga).                                                                                                                                                                                                                                                                                                                                                                                                                                                                                                                                                                                                                                                                                                                                                                                                                                                                                                                                                                                                                                        <\/p>\n","protected":false},"excerpt":{"rendered":"<p>ZAPATILLAS KSWISS EXPRESS LIGHT 3 HB CLAY<\/p>\n","protected":false},"featured_media":54575,"template":"","meta":[],"product_brand":[],"product_cat":[371],"product_tag":[26],"class_list":{"0":"post-40674","1":"product","2":"type-product","3":"status-publish","4":"has-post-thumbnail","6":"product_cat-padel_y_tenis_calzado","7":"product_tag-k-swiss","8":"pa_color-unico","9":"pa_talla-153","10":"pa_talla-157","11":"thunk-woo-product-list","12":"opn-qv-enable","13":"open-woo-hover-","14":"open-single-product-tab-horizontal","15":"open-shadow-","16":"open-shadow-hover-","18":"first","19":"instock","20":"sale","21":"shipping-taxable","22":"purchasable","23":"product-type-variable"},"jetpack_sharing_enabled":true,"_links":{"self":[{"href":"https:\/\/www.deporteseli.com\/index.php?rest_route=\/wp\/v2\/product\/40674","targetHints":{"allow":["GET"]}}],"collection":[{"href":"https:\/\/www.deporteseli.com\/index.php?rest_route=\/wp\/v2\/product"}],"about":[{"href":"https:\/\/www.deporteseli.com\/index.php?rest_route=\/wp\/v2\/types\/product"}],"wp:featuredmedia":[{"embeddable":true,"href":"https:\/\/www.deporteseli.com\/index.php?rest_route=\/wp\/v2\/media\/54575"}],"wp:attachment":[{"href":"https:\/\/www.deporteseli.com\/index.php?rest_route=%2Fwp%2Fv2%2Fmedia&parent=40674"}],"wp:term":[{"taxonomy":"product_brand","embeddable":true,"href":"https:\/\/www.deporteseli.com\/index.php?rest_route=%2Fwp%2Fv2%2Fproduct_brand&post=40674"},{"taxonomy":"product_cat","embeddable":true,"href":"https:\/\/www.deporteseli.com\/index.php?rest_route=%2Fwp%2Fv2%2Fproduct_cat&post=40674"},{"taxonomy":"product_tag","embeddable":true,"href":"https:\/\/www.deporteseli.com\/index.php?rest_route=%2Fwp%2Fv2%2Fproduct_tag&post=40674"}],"curies":[{"name":"wp","href":"https:\/\/api.w.org\/{rel}","templated":true}]}}