{"id":40665,"date":"2026-01-27T18:58:33","date_gmt":"2026-01-27T18:58:33","guid":{"rendered":"https:\/\/www.deporteseli.com\/?product=tenis-joma-zen-2421"},"modified":"2026-03-10T05:21:46","modified_gmt":"2026-03-10T05:21:46","slug":"tenis-joma-zen-2421","status":"publish","type":"product","link":"https:\/\/www.deporteseli.com\/?product=tenis-joma-zen-2421","title":{"rendered":"TENIS JOMA ZEN 2421"},"content":{"rendered":"<p>Zapatillas casual de hombre indicadas para el uso diario. Modelo de tiempo libre vers\u00e1til, ligero y muy c\u00f3modo para los looks de sport del d\u00eda a d\u00eda, o incluso para ir al trabajo. Combina confort con estilo gracias a este calzado deportivo.    El corte est\u00e1 fabricado en una sola pieza de textil con pocas costuras para mantener la ligereza. Adem\u00e1s, las perforaciones elaboradas con el sistema de ventilaci\u00f3n VTS permiten la entrada y salida de aire para una pronta ventilaci\u00f3n del sudor. Cuenta con horma ancha para mayor comodidad.    La plantilla es de Memory Foam de doble densidad extra\u00edble. Este tipo de plantilla se adapta a la forma del pie y amortigua cada pisada al caminar. Despu\u00e9s, recupera su forma. Ayuda evitar dolores en los pies.    La mediasuela se compone de phylon esponjoso dividido en secciones para ajustar la zapatilla de forma ergon\u00f3mica al movimiento del pie.    La suela es de caucho inyectado DURABILITY y antideslizante gracias a la tecnolog\u00eda Slip-Resistant.                                                                                                                                                                                                                                                                                                                                                                                                                                                                                                                                                                                                                                                                                                                                                                                                                                                                                                                                                                                                                                        <\/p>\n","protected":false},"excerpt":{"rendered":"<p>TENIS JOMA ZEN 2421<\/p>\n","protected":false},"featured_media":54568,"template":"","meta":[],"product_brand":[],"product_cat":[261],"product_tag":[31],"class_list":{"0":"post-40665","1":"product","2":"type-product","3":"status-publish","4":"has-post-thumbnail","6":"product_cat-hombre_calzado_casual","7":"product_tag-joma","8":"pa_color-unico","9":"pa_talla-143","10":"pa_talla-149","11":"pa_talla-151","12":"pa_talla-153","13":"pa_talla-155","14":"pa_talla-159","15":"thunk-woo-product-list","16":"opn-qv-enable","17":"open-woo-hover-","18":"open-single-product-tab-horizontal","19":"open-shadow-","20":"open-shadow-hover-","22":"first","23":"instock","24":"shipping-taxable","25":"purchasable","26":"product-type-variable"},"jetpack_sharing_enabled":true,"_links":{"self":[{"href":"https:\/\/www.deporteseli.com\/index.php?rest_route=\/wp\/v2\/product\/40665","targetHints":{"allow":["GET"]}}],"collection":[{"href":"https:\/\/www.deporteseli.com\/index.php?rest_route=\/wp\/v2\/product"}],"about":[{"href":"https:\/\/www.deporteseli.com\/index.php?rest_route=\/wp\/v2\/types\/product"}],"wp:featuredmedia":[{"embeddable":true,"href":"https:\/\/www.deporteseli.com\/index.php?rest_route=\/wp\/v2\/media\/54568"}],"wp:attachment":[{"href":"https:\/\/www.deporteseli.com\/index.php?rest_route=%2Fwp%2Fv2%2Fmedia&parent=40665"}],"wp:term":[{"taxonomy":"product_brand","embeddable":true,"href":"https:\/\/www.deporteseli.com\/index.php?rest_route=%2Fwp%2Fv2%2Fproduct_brand&post=40665"},{"taxonomy":"product_cat","embeddable":true,"href":"https:\/\/www.deporteseli.com\/index.php?rest_route=%2Fwp%2Fv2%2Fproduct_cat&post=40665"},{"taxonomy":"product_tag","embeddable":true,"href":"https:\/\/www.deporteseli.com\/index.php?rest_route=%2Fwp%2Fv2%2Fproduct_tag&post=40665"}],"curies":[{"name":"wp","href":"https:\/\/api.w.org\/{rel}","templated":true}]}}