{"id":40661,"date":"2026-01-27T18:58:28","date_gmt":"2026-01-27T18:58:28","guid":{"rendered":"https:\/\/www.deporteseli.com\/?product=chandal-essentials-3-bandas"},"modified":"2026-03-07T05:45:04","modified_gmt":"2026-03-07T05:45:04","slug":"chandal-essentials-3-bandas","status":"publish","type":"product","link":"https:\/\/www.deporteseli.com\/?product=chandal-essentials-3-bandas","title":{"rendered":"CHANDAL ESSENTIALS 3 BANDAS"},"content":{"rendered":"<p>IN\u00cdCIALE EN EL ESTILO DEPORTIVO  Los peques suelen llevar un ritmo imparable hasta que se cansan y se duermen. Este ch\u00e1ndal adidas le ofrece la comodidad que necesita de principio a fin del d\u00eda. Se ha confeccionado en un tejido con mezcla de algod\u00f3n muy suave al tacto. La sudadera presenta un cuello redondo y botones a presi\u00f3n en el hombro que facilitan la tarea de pon\u00e9rsela y quit\u00e1rsela. La cintura del pantal\u00f3n le proporciona confort y un ajuste seguro para sus aventuras.    Este producto contiene al menos un 70% de materiales reciclados y renovables.  Corte cl\u00e1sico con cintura de talle medio  Cuello redondo de canal\u00e9 con botones a presi\u00f3n en el hombro  Felpa 70% algod\u00f3n \/ 30% poli\u00e9ster reciclado  Sudadera: pu\u00f1os de canal\u00e9  Pantal\u00f3n: cintura el\u00e1stica con cord\u00f3n  Pantal\u00f3n: pu\u00f1os de canal\u00e9  Color del art\u00edculo: Semi Green Spark \/ White  N\u00famero de art\u00edculo: IS2506                                                                                                                                                                                                                                                                                                                                                                                                                                                                                                                                                                                                                                                                                                                                                                                                                                                                                                                                                                                                                                        <\/p>\n","protected":false},"excerpt":{"rendered":"<p>CHANDAL ESSENTIALS 3 BANDAS<\/p>\n","protected":false},"featured_media":54558,"template":"","meta":[],"product_brand":[],"product_cat":[298],"product_tag":[18],"class_list":{"0":"post-40661","1":"product","2":"type-product","3":"status-publish","4":"has-post-thumbnail","6":"product_cat-nino_textil_chandals","7":"product_tag-adidas","8":"pa_color-unico","9":"pa_talla-103","10":"thunk-woo-product-list","11":"opn-qv-enable","12":"open-woo-hover-","13":"open-single-product-tab-horizontal","14":"open-shadow-","15":"open-shadow-hover-","17":"first","18":"instock","19":"shipping-taxable","20":"purchasable","21":"product-type-variable"},"jetpack_sharing_enabled":true,"_links":{"self":[{"href":"https:\/\/www.deporteseli.com\/index.php?rest_route=\/wp\/v2\/product\/40661","targetHints":{"allow":["GET"]}}],"collection":[{"href":"https:\/\/www.deporteseli.com\/index.php?rest_route=\/wp\/v2\/product"}],"about":[{"href":"https:\/\/www.deporteseli.com\/index.php?rest_route=\/wp\/v2\/types\/product"}],"wp:featuredmedia":[{"embeddable":true,"href":"https:\/\/www.deporteseli.com\/index.php?rest_route=\/wp\/v2\/media\/54558"}],"wp:attachment":[{"href":"https:\/\/www.deporteseli.com\/index.php?rest_route=%2Fwp%2Fv2%2Fmedia&parent=40661"}],"wp:term":[{"taxonomy":"product_brand","embeddable":true,"href":"https:\/\/www.deporteseli.com\/index.php?rest_route=%2Fwp%2Fv2%2Fproduct_brand&post=40661"},{"taxonomy":"product_cat","embeddable":true,"href":"https:\/\/www.deporteseli.com\/index.php?rest_route=%2Fwp%2Fv2%2Fproduct_cat&post=40661"},{"taxonomy":"product_tag","embeddable":true,"href":"https:\/\/www.deporteseli.com\/index.php?rest_route=%2Fwp%2Fv2%2Fproduct_tag&post=40661"}],"curies":[{"name":"wp","href":"https:\/\/api.w.org\/{rel}","templated":true}]}}