{"id":40659,"date":"2026-01-27T18:58:25","date_gmt":"2026-01-27T18:58:25","guid":{"rendered":"https:\/\/www.deporteseli.com\/?product=cintas-para-el-pelo-2"},"modified":"2026-01-27T18:58:27","modified_gmt":"2026-01-27T18:58:27","slug":"cintas-para-el-pelo-2","status":"publish","type":"product","link":"https:\/\/www.deporteseli.com\/?product=cintas-para-el-pelo-2","title":{"rendered":"CINTAS PARA EL PELO"},"content":{"rendered":"<p>PRESUME DE ESTILO  Este conjunto de cintas mantiene el pelo en su sitio mientras corres, entrenas o levantas pesas. Se han confeccionado en un tejido el\u00e1stico con puntos de silicona que evitan que se desplacen. Elige el color que mejor se adapte a tu look de entrenamiento.    Este producto se ha fabricado con diferentes materiales t\u00e9cnicos y contiene al menos un 40% de material reciclado. Su objetivo es plantear otra soluci\u00f3n m\u00e1s que ayude a eliminar los residuos pl\u00e1sticos.  Punto 72% nailon reciclado \/ 22% poli\u00e9ster reciclado \/ 6% elast\u00e1n  Tres por paquete  Puntos de silicona antideslizante  Dise\u00f1o estrecho  Color del art\u00edculo: Semi Green Spark \/ Shadow Violet \/ White  N\u00famero de art\u00edculo: IR7870                                                                                                                                                                                                                                                                                                                                                                                                                                                                                                                                                                                                                                                                                                                                                                                                                                                                                                                                                                                                                                        <\/p>\n","protected":false},"excerpt":{"rendered":"<p>CINTAS PARA EL PELO<\/p>\n","protected":false},"featured_media":54556,"template":"","meta":[],"product_brand":[],"product_cat":[242],"product_tag":[18],"class_list":{"0":"post-40659","1":"product","2":"type-product","3":"status-publish","4":"has-post-thumbnail","6":"product_cat-unisex_accesorios","7":"product_tag-adidas","8":"pa_color-unico","9":"pa_talla-unica","10":"thunk-woo-product-list","11":"opn-qv-enable","12":"open-woo-hover-","13":"open-single-product-tab-horizontal","14":"open-shadow-","15":"open-shadow-hover-","17":"first","18":"instock","19":"shipping-taxable","20":"purchasable","21":"product-type-variable"},"jetpack_sharing_enabled":true,"_links":{"self":[{"href":"https:\/\/www.deporteseli.com\/index.php?rest_route=\/wp\/v2\/product\/40659","targetHints":{"allow":["GET"]}}],"collection":[{"href":"https:\/\/www.deporteseli.com\/index.php?rest_route=\/wp\/v2\/product"}],"about":[{"href":"https:\/\/www.deporteseli.com\/index.php?rest_route=\/wp\/v2\/types\/product"}],"wp:featuredmedia":[{"embeddable":true,"href":"https:\/\/www.deporteseli.com\/index.php?rest_route=\/wp\/v2\/media\/54556"}],"wp:attachment":[{"href":"https:\/\/www.deporteseli.com\/index.php?rest_route=%2Fwp%2Fv2%2Fmedia&parent=40659"}],"wp:term":[{"taxonomy":"product_brand","embeddable":true,"href":"https:\/\/www.deporteseli.com\/index.php?rest_route=%2Fwp%2Fv2%2Fproduct_brand&post=40659"},{"taxonomy":"product_cat","embeddable":true,"href":"https:\/\/www.deporteseli.com\/index.php?rest_route=%2Fwp%2Fv2%2Fproduct_cat&post=40659"},{"taxonomy":"product_tag","embeddable":true,"href":"https:\/\/www.deporteseli.com\/index.php?rest_route=%2Fwp%2Fv2%2Fproduct_tag&post=40659"}],"curies":[{"name":"wp","href":"https:\/\/api.w.org\/{rel}","templated":true}]}}