{"id":40654,"date":"2026-01-27T18:58:19","date_gmt":"2026-01-27T18:58:19","guid":{"rendered":"https:\/\/www.deporteseli.com\/?product=guantes-training-2"},"modified":"2026-01-27T18:58:21","modified_gmt":"2026-01-27T18:58:21","slug":"guantes-training-2","status":"publish","type":"product","link":"https:\/\/www.deporteseli.com\/?product=guantes-training-2","title":{"rendered":"GUANTES TRAINING"},"content":{"rendered":"<p>UN B\u00c1SICO IMPRESCINDIBLE  Estos guantes de training adidas te permiten concentrarte \u00fanicamente en el peso que vas a levantar. Su material muy resistente al desgaste te ayuda a afrontar con garant\u00edas los entrenamientos m\u00e1s exigentes. Presentan un cierre autoadherente en las mu\u00f1ecas para un ajuste c\u00f3modo y seguro, y una palma antideslizante que proporciona un agarre \u00f3ptimo con barras y mancuernas. Cuentan con un panel para secarse el sudor en los pulgares e inserciones de malla en el dorso que favorecen la ventilaci\u00f3n.  Piel sint\u00e9tica 55% poli\u00e9ster reciclado \/ 45% poliuretano  Inserciones de malla en el dorso  Palma antideslizante  Cierre autoadherente en la mu\u00f1eca  Panel para secarse el sudor en los pulgares  Color del art\u00edculo: Black  N\u00famero de art\u00edculo: II5598                                                                                                                                                                                                                                                                                                                                                                                                                                                                                                                                                                                                                                                                                                                                                                                                                                                                                                                                                                                                                                        <\/p>\n","protected":false},"excerpt":{"rendered":"<p>GUANTES TRAINING<\/p>\n","protected":false},"featured_media":54552,"template":"","meta":[],"product_brand":[],"product_cat":[342],"product_tag":[18],"class_list":{"0":"post-40654","1":"product","2":"type-product","3":"status-publish","4":"has-post-thumbnail","6":"product_cat-deportes_gimnasio_guantes","7":"product_tag-adidas","8":"pa_color-unico","9":"pa_talla-m","10":"pa_talla-s","11":"thunk-woo-product-list","12":"opn-qv-enable","13":"open-woo-hover-","14":"open-single-product-tab-horizontal","15":"open-shadow-","16":"open-shadow-hover-","18":"first","19":"instock","20":"shipping-taxable","21":"purchasable","22":"product-type-variable"},"jetpack_sharing_enabled":true,"_links":{"self":[{"href":"https:\/\/www.deporteseli.com\/index.php?rest_route=\/wp\/v2\/product\/40654","targetHints":{"allow":["GET"]}}],"collection":[{"href":"https:\/\/www.deporteseli.com\/index.php?rest_route=\/wp\/v2\/product"}],"about":[{"href":"https:\/\/www.deporteseli.com\/index.php?rest_route=\/wp\/v2\/types\/product"}],"wp:featuredmedia":[{"embeddable":true,"href":"https:\/\/www.deporteseli.com\/index.php?rest_route=\/wp\/v2\/media\/54552"}],"wp:attachment":[{"href":"https:\/\/www.deporteseli.com\/index.php?rest_route=%2Fwp%2Fv2%2Fmedia&parent=40654"}],"wp:term":[{"taxonomy":"product_brand","embeddable":true,"href":"https:\/\/www.deporteseli.com\/index.php?rest_route=%2Fwp%2Fv2%2Fproduct_brand&post=40654"},{"taxonomy":"product_cat","embeddable":true,"href":"https:\/\/www.deporteseli.com\/index.php?rest_route=%2Fwp%2Fv2%2Fproduct_cat&post=40654"},{"taxonomy":"product_tag","embeddable":true,"href":"https:\/\/www.deporteseli.com\/index.php?rest_route=%2Fwp%2Fv2%2Fproduct_tag&post=40654"}],"curies":[{"name":"wp","href":"https:\/\/api.w.org\/{rel}","templated":true}]}}