{"id":40652,"date":"2026-01-27T18:58:16","date_gmt":"2026-01-27T18:58:16","guid":{"rendered":"https:\/\/www.deporteseli.com\/?product=adidas-hoops-3-0-cf"},"modified":"2026-01-27T18:58:18","modified_gmt":"2026-01-27T18:58:18","slug":"adidas-hoops-3-0-cf","status":"publish","type":"product","link":"https:\/\/www.deporteseli.com\/?product=adidas-hoops-3-0-cf","title":{"rendered":"ADIDAS HOOPS 3.0 CF"},"content":{"rendered":"<p>A\u00f1ade un toque de estilo deportivo al armario de los j\u00f3venes atletas tambi\u00e9n en casa. Estas zapatillas ADIDAS para ni\u00f1o y ni\u00f1a mezclan la sujeci\u00f3n y estabilidad de un modelo de baloncesto con el look de unas zapatillas lifestyle. La parte superior de piel sint\u00e9tica aporta un toque refinado, al tiempo que proporciona ligereza y libertad de movimiento.    Caracter\u00edsticas  Modelo infantil inspirado en los ic\u00f3nicos looks de baloncesto.  Corte regular  Cierre con cordones  Parte superior de piel sint\u00e9tica  Forro de tejido  Suela intermedia acolchada  Suela de goma preformada                                                                                                                                                                                                                                                                                                                                                                                                                                                                                                                                                                                                                                                                                                                                                                                                                                                                                                                                                                                                                                        <\/p>\n","protected":false},"excerpt":{"rendered":"<p>ADIDAS HOOPS 3.0 CF<\/p>\n","protected":false},"featured_media":54547,"template":"","meta":[],"product_brand":[],"product_cat":[392],"product_tag":[18],"class_list":{"0":"post-40652","1":"product","2":"type-product","3":"status-publish","4":"has-post-thumbnail","6":"product_cat-ninas_calzado_casual","7":"product_tag-adidas","8":"pa_color-unico","9":"pa_talla-133","10":"thunk-woo-product-list","11":"opn-qv-enable","12":"open-woo-hover-","13":"open-single-product-tab-horizontal","14":"open-shadow-","15":"open-shadow-hover-","17":"first","18":"instock","19":"sale","20":"shipping-taxable","21":"purchasable","22":"product-type-variable"},"jetpack_sharing_enabled":true,"_links":{"self":[{"href":"https:\/\/www.deporteseli.com\/index.php?rest_route=\/wp\/v2\/product\/40652","targetHints":{"allow":["GET"]}}],"collection":[{"href":"https:\/\/www.deporteseli.com\/index.php?rest_route=\/wp\/v2\/product"}],"about":[{"href":"https:\/\/www.deporteseli.com\/index.php?rest_route=\/wp\/v2\/types\/product"}],"wp:featuredmedia":[{"embeddable":true,"href":"https:\/\/www.deporteseli.com\/index.php?rest_route=\/wp\/v2\/media\/54547"}],"wp:attachment":[{"href":"https:\/\/www.deporteseli.com\/index.php?rest_route=%2Fwp%2Fv2%2Fmedia&parent=40652"}],"wp:term":[{"taxonomy":"product_brand","embeddable":true,"href":"https:\/\/www.deporteseli.com\/index.php?rest_route=%2Fwp%2Fv2%2Fproduct_brand&post=40652"},{"taxonomy":"product_cat","embeddable":true,"href":"https:\/\/www.deporteseli.com\/index.php?rest_route=%2Fwp%2Fv2%2Fproduct_cat&post=40652"},{"taxonomy":"product_tag","embeddable":true,"href":"https:\/\/www.deporteseli.com\/index.php?rest_route=%2Fwp%2Fv2%2Fproduct_tag&post=40652"}],"curies":[{"name":"wp","href":"https:\/\/api.w.org\/{rel}","templated":true}]}}