{"id":40643,"date":"2026-01-27T18:58:05","date_gmt":"2026-01-27T18:58:05","guid":{"rendered":"https:\/\/www.deporteseli.com\/?product=adidas-zapatillas-ninos-breaknet-2-0"},"modified":"2026-01-27T18:58:08","modified_gmt":"2026-01-27T18:58:08","slug":"adidas-zapatillas-ninos-breaknet-2-0","status":"publish","type":"product","link":"https:\/\/www.deporteseli.com\/?product=adidas-zapatillas-ninos-breaknet-2-0","title":{"rendered":"ADIDAS ZAPATILLAS NI\u00f1OS BREAKNET 2.0"},"content":{"rendered":"<p>Un estilo cl\u00e1sico de los 90 regresa con estos zapatos adidas inspirados en el tenis para ni\u00f1os.    La parte superior de cuero sint\u00e9tico moderno incluye cordones el\u00e1sticos y una correa superior con velcro para un ajuste ce\u00f1ido.    Las ic\u00f3nicas 3 Franjas agregan el acabado ideal para el uso diario o la escuela.    Fabricada con una serie de materiales reciclados, esta parte superior presenta al menos un 50 % de contenido reciclado.    Este producto representa solo una de nuestras soluciones para ayudar a acabar con los residuos pl\u00e1sticos.    CARACTERISTICAS:    -Ajuste normal.    -Cordones el\u00e1sticos con tira de velcro en la parte superior.    -Parte superior de piel sint\u00e9tica.    -Leng\u00fceta de tejido suave.    -Forro sint\u00e9tico.    -Entresuela acolchada.    -FABRICADO EN PARTE CON MATERIALES RECICLADOS.                                                                                                                                                                                                                                                                                                                                                                                                                                                                                                                                                                                                                                                                                                                                                                                                                                                                                                                                                                                                                                        <\/p>\n","protected":false},"excerpt":{"rendered":"<p>ADIDAS ZAPATILLAS NI\u00f1OS BREAKNET 2.0<\/p>\n","protected":false},"featured_media":54536,"template":"","meta":[],"product_brand":[],"product_cat":[310],"product_tag":[18],"class_list":{"0":"post-40643","1":"product","2":"type-product","3":"status-publish","4":"has-post-thumbnail","6":"product_cat-nino_calzado_casual","7":"product_tag-adidas","8":"pa_color-unico","9":"pa_talla-125","10":"pa_talla-131","11":"thunk-woo-product-list","12":"opn-qv-enable","13":"open-woo-hover-","14":"open-single-product-tab-horizontal","15":"open-shadow-","16":"open-shadow-hover-","18":"first","19":"instock","20":"sale","21":"shipping-taxable","22":"purchasable","23":"product-type-variable"},"jetpack_sharing_enabled":true,"_links":{"self":[{"href":"https:\/\/www.deporteseli.com\/index.php?rest_route=\/wp\/v2\/product\/40643","targetHints":{"allow":["GET"]}}],"collection":[{"href":"https:\/\/www.deporteseli.com\/index.php?rest_route=\/wp\/v2\/product"}],"about":[{"href":"https:\/\/www.deporteseli.com\/index.php?rest_route=\/wp\/v2\/types\/product"}],"wp:featuredmedia":[{"embeddable":true,"href":"https:\/\/www.deporteseli.com\/index.php?rest_route=\/wp\/v2\/media\/54536"}],"wp:attachment":[{"href":"https:\/\/www.deporteseli.com\/index.php?rest_route=%2Fwp%2Fv2%2Fmedia&parent=40643"}],"wp:term":[{"taxonomy":"product_brand","embeddable":true,"href":"https:\/\/www.deporteseli.com\/index.php?rest_route=%2Fwp%2Fv2%2Fproduct_brand&post=40643"},{"taxonomy":"product_cat","embeddable":true,"href":"https:\/\/www.deporteseli.com\/index.php?rest_route=%2Fwp%2Fv2%2Fproduct_cat&post=40643"},{"taxonomy":"product_tag","embeddable":true,"href":"https:\/\/www.deporteseli.com\/index.php?rest_route=%2Fwp%2Fv2%2Fproduct_tag&post=40643"}],"curies":[{"name":"wp","href":"https:\/\/api.w.org\/{rel}","templated":true}]}}