{"id":40629,"date":"2026-01-27T18:57:48","date_gmt":"2026-01-27T18:57:48","guid":{"rendered":"https:\/\/www.deporteseli.com\/?product=pantalon-corto-champion-legacy-authentic-4"},"modified":"2026-03-14T05:18:04","modified_gmt":"2026-03-14T05:18:04","slug":"pantalon-corto-champion-legacy-authentic-4","status":"publish","type":"product","link":"https:\/\/www.deporteseli.com\/?product=pantalon-corto-champion-legacy-authentic-4","title":{"rendered":"PANTAL\u00f3N CORTO CHAMPION LEGACY AUTHENTIC"},"content":{"rendered":"<p>El pantal\u00f3n corto Champion Legacy Authentic Small Logo es una bermuda cl\u00e1sica de la marca Champion. Est\u00e1 confeccionado con algod\u00f3n jersey y poli\u00e9ster, lo que lo hace muy c\u00f3modo. Tiene una pierna ancha y su cinturilla el\u00e1stica con cord\u00f3n permite un ajuste perfecto. Adem\u00e1s, cuenta con bolsillos laterales para mayor practicidad. Destacando el logo de la marca, bordado en la prenda.    Caracter\u00edsticas:  Tejido mezcla de algod\u00f3n jersey y poli\u00e9ster  Pierna ancha y c\u00f3moda  Cinturilla el\u00e1stica con cord\u00f3n ajustable  Bolsillos laterales  Logo bordado de la marca Champion  Referencia: CHP-219936-BS501                                                                                                                                                                                                                                                                                                                                                                                                                                                                                                                                                                                                                                                                                                                                                                                                                                                                                                                                                                                                                                        <\/p>\n","protected":false},"excerpt":{"rendered":"<p>PANTAL\u00f3N CORTO CHAMPION LEGACY AUTHENTIC<\/p>\n","protected":false},"featured_media":54528,"template":"","meta":[],"product_brand":[],"product_cat":[250],"product_tag":[51],"class_list":{"0":"post-40629","1":"product","2":"type-product","3":"status-publish","4":"has-post-thumbnail","6":"product_cat-hombre_textil_bermudas","7":"product_tag-champion","8":"pa_color-unico","9":"pa_talla-m","10":"pa_talla-s","11":"pa_talla-xl","12":"thunk-woo-product-list","13":"opn-qv-enable","14":"open-woo-hover-","15":"open-single-product-tab-horizontal","16":"open-shadow-","17":"open-shadow-hover-","19":"first","20":"instock","21":"shipping-taxable","22":"purchasable","23":"product-type-variable"},"jetpack_sharing_enabled":true,"_links":{"self":[{"href":"https:\/\/www.deporteseli.com\/index.php?rest_route=\/wp\/v2\/product\/40629","targetHints":{"allow":["GET"]}}],"collection":[{"href":"https:\/\/www.deporteseli.com\/index.php?rest_route=\/wp\/v2\/product"}],"about":[{"href":"https:\/\/www.deporteseli.com\/index.php?rest_route=\/wp\/v2\/types\/product"}],"wp:featuredmedia":[{"embeddable":true,"href":"https:\/\/www.deporteseli.com\/index.php?rest_route=\/wp\/v2\/media\/54528"}],"wp:attachment":[{"href":"https:\/\/www.deporteseli.com\/index.php?rest_route=%2Fwp%2Fv2%2Fmedia&parent=40629"}],"wp:term":[{"taxonomy":"product_brand","embeddable":true,"href":"https:\/\/www.deporteseli.com\/index.php?rest_route=%2Fwp%2Fv2%2Fproduct_brand&post=40629"},{"taxonomy":"product_cat","embeddable":true,"href":"https:\/\/www.deporteseli.com\/index.php?rest_route=%2Fwp%2Fv2%2Fproduct_cat&post=40629"},{"taxonomy":"product_tag","embeddable":true,"href":"https:\/\/www.deporteseli.com\/index.php?rest_route=%2Fwp%2Fv2%2Fproduct_tag&post=40629"}],"curies":[{"name":"wp","href":"https:\/\/api.w.org\/{rel}","templated":true}]}}