{"id":40623,"date":"2026-01-27T18:57:40","date_gmt":"2026-01-27T18:57:40","guid":{"rendered":"https:\/\/www.deporteseli.com\/?product=bermuda-champion-con-cremallera-en-bolsillo"},"modified":"2026-03-07T05:44:51","modified_gmt":"2026-03-07T05:44:51","slug":"bermuda-champion-con-cremallera-en-bolsillo","status":"publish","type":"product","link":"https:\/\/www.deporteseli.com\/?product=bermuda-champion-con-cremallera-en-bolsillo","title":{"rendered":"BERMUDA CHAMPION CON CREMALLERA EN BOLSILLO"},"content":{"rendered":"<p>Champion Classic Icon Lifestyle Bolsillos con cremallera Logo Bermudas  Navy     Estos pantalones cortos con corte moderno y detalles de la marca oficiales , bolsillos con cremallera, son el complemento perfecto para cualquier aficionado a los deportes.    Logotipo bordado y detalles de la marca en la parte delantera   Bolsillos laterales con cremallera  Cintura el\u00e1stica y cord\u00f3n de ajuste  Corte cl\u00e1sico  Este producto se ajusta normalmente  100% Algod\u00f3n                                                                                                                                                                                                                                                                                                                                                                                                                                                                                                                                                                                                                                                                                                                                                                                                                                                                                                                                                                                                                                        <\/p>\n","protected":false},"excerpt":{"rendered":"<p>BERMUDA CHAMPION CON CREMALLERA EN BOLSILLO<\/p>\n","protected":false},"featured_media":54523,"template":"","meta":[],"product_brand":[],"product_cat":[250],"product_tag":[51],"class_list":{"0":"post-40623","1":"product","2":"type-product","3":"status-publish","4":"has-post-thumbnail","6":"product_cat-hombre_textil_bermudas","7":"product_tag-champion","8":"pa_color-unico","9":"pa_talla-xl","10":"thunk-woo-product-list","11":"opn-qv-enable","12":"open-woo-hover-","13":"open-single-product-tab-horizontal","14":"open-shadow-","15":"open-shadow-hover-","17":"first","18":"instock","19":"shipping-taxable","20":"purchasable","21":"product-type-variable"},"jetpack_sharing_enabled":true,"_links":{"self":[{"href":"https:\/\/www.deporteseli.com\/index.php?rest_route=\/wp\/v2\/product\/40623","targetHints":{"allow":["GET"]}}],"collection":[{"href":"https:\/\/www.deporteseli.com\/index.php?rest_route=\/wp\/v2\/product"}],"about":[{"href":"https:\/\/www.deporteseli.com\/index.php?rest_route=\/wp\/v2\/types\/product"}],"wp:featuredmedia":[{"embeddable":true,"href":"https:\/\/www.deporteseli.com\/index.php?rest_route=\/wp\/v2\/media\/54523"}],"wp:attachment":[{"href":"https:\/\/www.deporteseli.com\/index.php?rest_route=%2Fwp%2Fv2%2Fmedia&parent=40623"}],"wp:term":[{"taxonomy":"product_brand","embeddable":true,"href":"https:\/\/www.deporteseli.com\/index.php?rest_route=%2Fwp%2Fv2%2Fproduct_brand&post=40623"},{"taxonomy":"product_cat","embeddable":true,"href":"https:\/\/www.deporteseli.com\/index.php?rest_route=%2Fwp%2Fv2%2Fproduct_cat&post=40623"},{"taxonomy":"product_tag","embeddable":true,"href":"https:\/\/www.deporteseli.com\/index.php?rest_route=%2Fwp%2Fv2%2Fproduct_tag&post=40623"}],"curies":[{"name":"wp","href":"https:\/\/api.w.org\/{rel}","templated":true}]}}