{"id":40621,"date":"2026-01-27T18:57:37","date_gmt":"2026-01-27T18:57:37","guid":{"rendered":"https:\/\/www.deporteseli.com\/?product=pantalon-corto-champion-legacy-authentic-3"},"modified":"2026-03-07T05:44:49","modified_gmt":"2026-03-07T05:44:49","slug":"pantalon-corto-champion-legacy-authentic-3","status":"publish","type":"product","link":"https:\/\/www.deporteseli.com\/?product=pantalon-corto-champion-legacy-authentic-3","title":{"rendered":"PANTAL\u00f3N CORTO CHAMPION LEGACY AUTHENTIC"},"content":{"rendered":"<p>El pantal\u00f3n corto Champion Legacy Authentic Big Logo es una prenda imprescindible para tus momentos de relax. Confeccionado en algod\u00f3n terry, este pantal\u00f3n bermuda de pierna ancha y c\u00f3moda te brindar\u00e1 el m\u00e1ximo confort en tus actividades diarias. Su cinturilla el\u00e1stica con cord\u00f3n garantiza un ajuste perfecto, mientras que los bolsillos laterales son ideales para llevar tus objetos personales. Adem\u00e1s, destaca por su logo grande bordado, que a\u00f1ade un toque de estilo a tu look.    Caracter\u00edsticas:  Pantal\u00f3n corto tipo bermuda cl\u00e1sica Champion  Pierna ancha y c\u00f3moda  Cinturilla el\u00e1stica con cord\u00f3n  Bolsillos laterales  Logo grande bordado  Composici\u00f3n: 54% algod\u00f3n,                                                                                                                                                                                                                                                                                                                                                                                                                                                                                                                                                                                                                                                                                                                                                                                                                                                                                                                                                                                                                                        <\/p>\n","protected":false},"excerpt":{"rendered":"<p>PANTAL\u00f3N CORTO CHAMPION LEGACY AUTHENTIC<\/p>\n","protected":false},"featured_media":54520,"template":"","meta":[],"product_brand":[],"product_cat":[250],"product_tag":[51],"class_list":{"0":"post-40621","1":"product","2":"type-product","3":"status-publish","4":"has-post-thumbnail","6":"product_cat-hombre_textil_bermudas","7":"product_tag-champion","8":"pa_color-unico","9":"pa_talla-xl","10":"thunk-woo-product-list","11":"opn-qv-enable","12":"open-woo-hover-","13":"open-single-product-tab-horizontal","14":"open-shadow-","15":"open-shadow-hover-","17":"first","18":"instock","19":"shipping-taxable","20":"purchasable","21":"product-type-variable"},"jetpack_sharing_enabled":true,"_links":{"self":[{"href":"https:\/\/www.deporteseli.com\/index.php?rest_route=\/wp\/v2\/product\/40621","targetHints":{"allow":["GET"]}}],"collection":[{"href":"https:\/\/www.deporteseli.com\/index.php?rest_route=\/wp\/v2\/product"}],"about":[{"href":"https:\/\/www.deporteseli.com\/index.php?rest_route=\/wp\/v2\/types\/product"}],"wp:featuredmedia":[{"embeddable":true,"href":"https:\/\/www.deporteseli.com\/index.php?rest_route=\/wp\/v2\/media\/54520"}],"wp:attachment":[{"href":"https:\/\/www.deporteseli.com\/index.php?rest_route=%2Fwp%2Fv2%2Fmedia&parent=40621"}],"wp:term":[{"taxonomy":"product_brand","embeddable":true,"href":"https:\/\/www.deporteseli.com\/index.php?rest_route=%2Fwp%2Fv2%2Fproduct_brand&post=40621"},{"taxonomy":"product_cat","embeddable":true,"href":"https:\/\/www.deporteseli.com\/index.php?rest_route=%2Fwp%2Fv2%2Fproduct_cat&post=40621"},{"taxonomy":"product_tag","embeddable":true,"href":"https:\/\/www.deporteseli.com\/index.php?rest_route=%2Fwp%2Fv2%2Fproduct_tag&post=40621"}],"curies":[{"name":"wp","href":"https:\/\/api.w.org\/{rel}","templated":true}]}}