{"id":40610,"date":"2026-01-27T18:57:18","date_gmt":"2026-01-27T18:57:18","guid":{"rendered":"https:\/\/www.deporteseli.com\/?product=pantalon-corto-champion-legacy-authentic"},"modified":"2026-03-07T05:44:37","modified_gmt":"2026-03-07T05:44:37","slug":"pantalon-corto-champion-legacy-authentic","status":"publish","type":"product","link":"https:\/\/www.deporteseli.com\/?product=pantalon-corto-champion-legacy-authentic","title":{"rendered":"PANTAL\u00f3N CORTO CHAMPION LEGACY AUTHENTIC"},"content":{"rendered":"<p>El pantal\u00f3n corto Champion Legacy Authentic Logo estampado es una prenda imprescindible para el d\u00eda a d\u00eda. Confeccionado en algod\u00f3n terry, garantiza comodidad y una pierna ancha que permite total libertad de movimiento. Su cinturilla el\u00e1stica con cord\u00f3n asegura un ajuste perfecto. Adem\u00e1s, cuenta con bolsillos laterales para mayor practicidad.    Caracter\u00edsticas:  Pantal\u00f3n estilo bermuda Champion de algod\u00f3n terry  Pierna ancha y c\u00f3moda  Cinturilla el\u00e1stica con cord\u00f3n  Bolsillos laterales  Logo estampado                                                                                                                                                                                                                                                                                                                                                                                                                                                                                                                                                                                                                                                                                                                                                                                                                                                                                                                                                                                                                                        <\/p>\n","protected":false},"excerpt":{"rendered":"<p>PANTAL\u00f3N CORTO CHAMPION LEGACY AUTHENTIC<\/p>\n","protected":false},"featured_media":54510,"template":"","meta":[],"product_brand":[],"product_cat":[250],"product_tag":[],"class_list":{"0":"post-40610","1":"product","2":"type-product","3":"status-publish","4":"has-post-thumbnail","6":"product_cat-hombre_textil_bermudas","7":"pa_color-unico","8":"pa_talla-s","9":"thunk-woo-product-list","10":"opn-qv-enable","11":"open-woo-hover-","12":"open-single-product-tab-horizontal","13":"open-shadow-","14":"open-shadow-hover-","16":"first","17":"instock","18":"shipping-taxable","19":"purchasable","20":"product-type-variable"},"jetpack_sharing_enabled":true,"_links":{"self":[{"href":"https:\/\/www.deporteseli.com\/index.php?rest_route=\/wp\/v2\/product\/40610","targetHints":{"allow":["GET"]}}],"collection":[{"href":"https:\/\/www.deporteseli.com\/index.php?rest_route=\/wp\/v2\/product"}],"about":[{"href":"https:\/\/www.deporteseli.com\/index.php?rest_route=\/wp\/v2\/types\/product"}],"wp:featuredmedia":[{"embeddable":true,"href":"https:\/\/www.deporteseli.com\/index.php?rest_route=\/wp\/v2\/media\/54510"}],"wp:attachment":[{"href":"https:\/\/www.deporteseli.com\/index.php?rest_route=%2Fwp%2Fv2%2Fmedia&parent=40610"}],"wp:term":[{"taxonomy":"product_brand","embeddable":true,"href":"https:\/\/www.deporteseli.com\/index.php?rest_route=%2Fwp%2Fv2%2Fproduct_brand&post=40610"},{"taxonomy":"product_cat","embeddable":true,"href":"https:\/\/www.deporteseli.com\/index.php?rest_route=%2Fwp%2Fv2%2Fproduct_cat&post=40610"},{"taxonomy":"product_tag","embeddable":true,"href":"https:\/\/www.deporteseli.com\/index.php?rest_route=%2Fwp%2Fv2%2Fproduct_tag&post=40610"}],"curies":[{"name":"wp","href":"https:\/\/api.w.org\/{rel}","templated":true}]}}