{"id":40606,"date":"2026-01-27T18:57:13","date_gmt":"2026-01-27T18:57:13","guid":{"rendered":"https:\/\/www.deporteseli.com\/?product=falda-bullpadel-elites-rosa-pastel"},"modified":"2026-03-07T05:44:33","modified_gmt":"2026-03-07T05:44:33","slug":"falda-bullpadel-elites-rosa-pastel","status":"publish","type":"product","link":"https:\/\/www.deporteseli.com\/?product=falda-bullpadel-elites-rosa-pastel","title":{"rendered":"FALDA BULLPADEL ELITES ROSA PASTEL"},"content":{"rendered":"<p>Falda de vuelo en nylon con estampado sutil y malla interior a contraste con bolsillo. Prenda de la l\u00ednea especial de nuestra jugadora Gemma Triay. Fabricado con tejido de single jersey de nylon el\u00e1stico. Al tejido biel\u00e1stico se le aplica la tecnolog\u00eda Drylum. Es hidr\u00f3fobo, transpirable, retiene poco l\u00edquido y seca con rapidez. Tejido ultraligero de microfilamentos de poliamida con elast\u00e1n, que proporciona gran libertad de movimiento.  Falda de vuelo de mujer de nuestra l\u00ednea Pure Color. Prenda especial de nuestra Gemma Triay.    Color: Rosa pastel    Composici\u00f3n: 80% Nylon &#8211; 20% Elsast\u00e1n. Elastic jersey    Tejido t\u00e9cnico: Drylum                                                                                                                                                                                                                                                                                                                                                                                                                                                                                                                                                                                                                                                                                                                                                                                                                                                                                                                                                                                                                                        <\/p>\n","protected":false},"excerpt":{"rendered":"<p>FALDA BULLPADEL ELITES ROSA PASTEL<\/p>\n","protected":false},"featured_media":54502,"template":"","meta":[],"product_brand":[],"product_cat":[366],"product_tag":[21],"class_list":{"0":"post-40606","1":"product","2":"type-product","3":"status-publish","4":"has-post-thumbnail","6":"product_cat-padel_y_tenis_textil_faldas","7":"product_tag-bull_padel","8":"pa_color-unico","9":"pa_talla-l","10":"thunk-woo-product-list","11":"opn-qv-enable","12":"open-woo-hover-","13":"open-single-product-tab-horizontal","14":"open-shadow-","15":"open-shadow-hover-","17":"first","18":"instock","19":"shipping-taxable","20":"purchasable","21":"product-type-variable"},"jetpack_sharing_enabled":true,"_links":{"self":[{"href":"https:\/\/www.deporteseli.com\/index.php?rest_route=\/wp\/v2\/product\/40606","targetHints":{"allow":["GET"]}}],"collection":[{"href":"https:\/\/www.deporteseli.com\/index.php?rest_route=\/wp\/v2\/product"}],"about":[{"href":"https:\/\/www.deporteseli.com\/index.php?rest_route=\/wp\/v2\/types\/product"}],"wp:featuredmedia":[{"embeddable":true,"href":"https:\/\/www.deporteseli.com\/index.php?rest_route=\/wp\/v2\/media\/54502"}],"wp:attachment":[{"href":"https:\/\/www.deporteseli.com\/index.php?rest_route=%2Fwp%2Fv2%2Fmedia&parent=40606"}],"wp:term":[{"taxonomy":"product_brand","embeddable":true,"href":"https:\/\/www.deporteseli.com\/index.php?rest_route=%2Fwp%2Fv2%2Fproduct_brand&post=40606"},{"taxonomy":"product_cat","embeddable":true,"href":"https:\/\/www.deporteseli.com\/index.php?rest_route=%2Fwp%2Fv2%2Fproduct_cat&post=40606"},{"taxonomy":"product_tag","embeddable":true,"href":"https:\/\/www.deporteseli.com\/index.php?rest_route=%2Fwp%2Fv2%2Fproduct_tag&post=40606"}],"curies":[{"name":"wp","href":"https:\/\/api.w.org\/{rel}","templated":true}]}}