{"id":40598,"date":"2026-01-27T18:57:03","date_gmt":"2026-01-27T18:57:03","guid":{"rendered":"https:\/\/www.deporteseli.com\/?product=camiseta-bullpadel-basan-negro-vigore"},"modified":"2026-03-07T05:44:28","modified_gmt":"2026-03-07T05:44:28","slug":"camiseta-bullpadel-basan-negro-vigore","status":"publish","type":"product","link":"https:\/\/www.deporteseli.com\/?product=camiseta-bullpadel-basan-negro-vigore","title":{"rendered":"CAMISETA BULLPADEL BASAN NEGRO VIGORE"},"content":{"rendered":"<p>Camiseta t\u00e9cnica amplia de jersey rallado con aspecto vigor\u00e9, prenda doble de tirantes y con top interior estampado de punto el\u00e1stico. Fabricado con tejido de punto de poli\u00e9ster tallado en el exterior y punto de poli\u00e9ster el\u00e1stico en el interior. Se le aplica el acabado Quickerdry, tecnolog\u00eda que utiliza microfilamentos para reducir la humedad y ayudar a la transpiraci\u00f3n.  Camiseta de tirantes de mujer de nuestra l\u00ednea Padel is my Power.    Color: Negro vigore    Composici\u00f3n: 100% Poli\u00e9ster. Single jersey    Tejido t\u00e9cnico: Quickerdry                                                                                                                                                                                                                                                                                                                                                                                                                                                                                                                                                                                                                                                                                                                                                                                                                                                                                                                                                                                                                                        <\/p>\n","protected":false},"excerpt":{"rendered":"<p>CAMISETA BULLPADEL BASAN NEGRO VIGORE<\/p>\n","protected":false},"featured_media":54490,"template":"","meta":[],"product_brand":[],"product_cat":[364],"product_tag":[21],"class_list":{"0":"post-40598","1":"product","2":"type-product","3":"status-publish","4":"has-post-thumbnail","6":"product_cat-padel_y_tenis_textil_camisas","7":"product_tag-bull_padel","8":"pa_color-unico","9":"pa_talla-l","10":"pa_talla-m","11":"pa_talla-xs","12":"thunk-woo-product-list","13":"opn-qv-enable","14":"open-woo-hover-","15":"open-single-product-tab-horizontal","16":"open-shadow-","17":"open-shadow-hover-","19":"first","20":"instock","21":"shipping-taxable","22":"purchasable","23":"product-type-variable"},"jetpack_sharing_enabled":true,"_links":{"self":[{"href":"https:\/\/www.deporteseli.com\/index.php?rest_route=\/wp\/v2\/product\/40598","targetHints":{"allow":["GET"]}}],"collection":[{"href":"https:\/\/www.deporteseli.com\/index.php?rest_route=\/wp\/v2\/product"}],"about":[{"href":"https:\/\/www.deporteseli.com\/index.php?rest_route=\/wp\/v2\/types\/product"}],"wp:featuredmedia":[{"embeddable":true,"href":"https:\/\/www.deporteseli.com\/index.php?rest_route=\/wp\/v2\/media\/54490"}],"wp:attachment":[{"href":"https:\/\/www.deporteseli.com\/index.php?rest_route=%2Fwp%2Fv2%2Fmedia&parent=40598"}],"wp:term":[{"taxonomy":"product_brand","embeddable":true,"href":"https:\/\/www.deporteseli.com\/index.php?rest_route=%2Fwp%2Fv2%2Fproduct_brand&post=40598"},{"taxonomy":"product_cat","embeddable":true,"href":"https:\/\/www.deporteseli.com\/index.php?rest_route=%2Fwp%2Fv2%2Fproduct_cat&post=40598"},{"taxonomy":"product_tag","embeddable":true,"href":"https:\/\/www.deporteseli.com\/index.php?rest_route=%2Fwp%2Fv2%2Fproduct_tag&post=40598"}],"curies":[{"name":"wp","href":"https:\/\/api.w.org\/{rel}","templated":true}]}}