{"id":40590,"date":"2026-01-27T18:56:54","date_gmt":"2026-01-27T18:56:54","guid":{"rendered":"https:\/\/www.deporteseli.com\/?product=short-bullpadel-exito-cereza"},"modified":"2026-03-07T05:44:20","modified_gmt":"2026-03-07T05:44:20","slug":"short-bullpadel-exito-cereza","status":"publish","type":"product","link":"https:\/\/www.deporteseli.com\/?product=short-bullpadel-exito-cereza","title":{"rendered":"SHORT BULLPADEL EXITO CEREZA"},"content":{"rendered":"<p>Short de single jersey de nylon el\u00e1stico, con sobrefalda delantera en tejido ligero rallado. Prenda de la l\u00ednea especial de nuestra jugadora Gemma Triay.    Fabricado con tejido de single jersey de nylon el\u00e1stico. Al tejido biel\u00e1stico se le aplica la tecnolog\u00eda Drylum. Es hidr\u00f3fobo, transpirable, retiene poco l\u00edquido y seca con rapidez. Tejido ultraligero de microfilamentos de poliamida con elast\u00e1n, que proporciona gran libertad de movimiento.  Shorts de mujer de nuestra l\u00ednea Pure Color.    Color: Cereza    Composici\u00f3n: 80% Nylon &#8211; 20% Elast\u00e1n. Elastic single jersey    Tejido t\u00e9cnico: Drylum                                                                                                                                                                                                                                                                                                                                                                                                                                                                                                                                                                                                                                                                                                                                                                                                                                                                                                                                                                                                                                        <\/p>\n","protected":false},"excerpt":{"rendered":"<p>SHORT BULLPADEL EXITO CEREZA<\/p>\n","protected":false},"featured_media":54482,"template":"","meta":[],"product_brand":[],"product_cat":[365],"product_tag":[21],"class_list":{"0":"post-40590","1":"product","2":"type-product","3":"status-publish","4":"has-post-thumbnail","6":"product_cat-padel_y_tenis_textil_shorts","7":"product_tag-bull_padel","8":"pa_color-unico","9":"pa_talla-l","10":"pa_talla-m","11":"pa_talla-xl","12":"thunk-woo-product-list","13":"opn-qv-enable","14":"open-woo-hover-","15":"open-single-product-tab-horizontal","16":"open-shadow-","17":"open-shadow-hover-","19":"first","20":"instock","21":"shipping-taxable","22":"purchasable","23":"product-type-variable"},"jetpack_sharing_enabled":true,"_links":{"self":[{"href":"https:\/\/www.deporteseli.com\/index.php?rest_route=\/wp\/v2\/product\/40590","targetHints":{"allow":["GET"]}}],"collection":[{"href":"https:\/\/www.deporteseli.com\/index.php?rest_route=\/wp\/v2\/product"}],"about":[{"href":"https:\/\/www.deporteseli.com\/index.php?rest_route=\/wp\/v2\/types\/product"}],"wp:featuredmedia":[{"embeddable":true,"href":"https:\/\/www.deporteseli.com\/index.php?rest_route=\/wp\/v2\/media\/54482"}],"wp:attachment":[{"href":"https:\/\/www.deporteseli.com\/index.php?rest_route=%2Fwp%2Fv2%2Fmedia&parent=40590"}],"wp:term":[{"taxonomy":"product_brand","embeddable":true,"href":"https:\/\/www.deporteseli.com\/index.php?rest_route=%2Fwp%2Fv2%2Fproduct_brand&post=40590"},{"taxonomy":"product_cat","embeddable":true,"href":"https:\/\/www.deporteseli.com\/index.php?rest_route=%2Fwp%2Fv2%2Fproduct_cat&post=40590"},{"taxonomy":"product_tag","embeddable":true,"href":"https:\/\/www.deporteseli.com\/index.php?rest_route=%2Fwp%2Fv2%2Fproduct_tag&post=40590"}],"curies":[{"name":"wp","href":"https:\/\/api.w.org\/{rel}","templated":true}]}}