{"id":40585,"date":"2026-01-27T18:56:48","date_gmt":"2026-01-27T18:56:48","guid":{"rendered":"https:\/\/www.deporteseli.com\/?product=short-bullpadel-breca-negro"},"modified":"2026-03-07T05:44:16","modified_gmt":"2026-03-07T05:44:16","slug":"short-bullpadel-breca-negro","status":"publish","type":"product","link":"https:\/\/www.deporteseli.com\/?product=short-bullpadel-breca-negro","title":{"rendered":"SHORT BULLPADEL BRECA NEGRO"},"content":{"rendered":"<p>Short de tejido a la plana con laterales perforados, cinturilla personalizada y malla interior estampada.    Fabricado con tejido ligero a la plana de poli\u00e9ster el\u00e1stico en dos direcciones y jersey de poli\u00e9ster el\u00e1stico. Se le aplica la calidad Binamic, que garantiza la flexibilidad y ligereza de un buen tejido biel\u00e1stico, proporcionando una gran libertad de movimiento en dos direcciones, e integrando tambi\u00e9n el acabado de secado r\u00e1pido, que utiliza los microfilamentos para reducir la humedad y ayudar a la transpiraci\u00f3n.  Shorts de mujer de nuestra l\u00ednea Padel is my power.    Color: Negro    Composici\u00f3n: 92% Poli\u00e9ster  &#8211; 8% Elast\u00e1n. Two way taffeta    Tejido t\u00e9cnico: Binamic                                                                                                                                                                                                                                                                                                                                                                                                                                                                                                                                                                                                                                                                                                                                                                                                                                                                                                                                                                                                                                        <\/p>\n","protected":false},"excerpt":{"rendered":"<p>SHORT BULLPADEL BRECA NEGRO<\/p>\n","protected":false},"featured_media":54478,"template":"","meta":[],"product_brand":[],"product_cat":[365],"product_tag":[21],"class_list":{"0":"post-40585","1":"product","2":"type-product","3":"status-publish","4":"has-post-thumbnail","6":"product_cat-padel_y_tenis_textil_shorts","7":"product_tag-bull_padel","8":"pa_color-unico","9":"pa_talla-l","10":"pa_talla-m","11":"pa_talla-xl","12":"pa_talla-xs","13":"thunk-woo-product-list","14":"opn-qv-enable","15":"open-woo-hover-","16":"open-single-product-tab-horizontal","17":"open-shadow-","18":"open-shadow-hover-","20":"first","21":"instock","22":"shipping-taxable","23":"purchasable","24":"product-type-variable"},"jetpack_sharing_enabled":true,"_links":{"self":[{"href":"https:\/\/www.deporteseli.com\/index.php?rest_route=\/wp\/v2\/product\/40585","targetHints":{"allow":["GET"]}}],"collection":[{"href":"https:\/\/www.deporteseli.com\/index.php?rest_route=\/wp\/v2\/product"}],"about":[{"href":"https:\/\/www.deporteseli.com\/index.php?rest_route=\/wp\/v2\/types\/product"}],"wp:featuredmedia":[{"embeddable":true,"href":"https:\/\/www.deporteseli.com\/index.php?rest_route=\/wp\/v2\/media\/54478"}],"wp:attachment":[{"href":"https:\/\/www.deporteseli.com\/index.php?rest_route=%2Fwp%2Fv2%2Fmedia&parent=40585"}],"wp:term":[{"taxonomy":"product_brand","embeddable":true,"href":"https:\/\/www.deporteseli.com\/index.php?rest_route=%2Fwp%2Fv2%2Fproduct_brand&post=40585"},{"taxonomy":"product_cat","embeddable":true,"href":"https:\/\/www.deporteseli.com\/index.php?rest_route=%2Fwp%2Fv2%2Fproduct_cat&post=40585"},{"taxonomy":"product_tag","embeddable":true,"href":"https:\/\/www.deporteseli.com\/index.php?rest_route=%2Fwp%2Fv2%2Fproduct_tag&post=40585"}],"curies":[{"name":"wp","href":"https:\/\/api.w.org\/{rel}","templated":true}]}}