{"id":40501,"date":"2026-01-27T18:55:06","date_gmt":"2026-01-27T18:55:06","guid":{"rendered":"https:\/\/www.deporteseli.com\/?product=nike-pitch-2"},"modified":"2026-01-27T18:55:07","modified_gmt":"2026-01-27T18:55:07","slug":"nike-pitch-2","status":"publish","type":"product","link":"https:\/\/www.deporteseli.com\/?product=nike-pitch-2","title":{"rendered":"NIKE PITCH"},"content":{"rendered":"<p>Dise\u00f1ado para tus sesiones de entrenamiento para principiantes y para mejorar tu juego de pies, el bal\u00f3n de f\u00fatbol Nike Pitch est\u00e1 dise\u00f1ado para mejorar tu juego. Su dise\u00f1o de 12 paneles y su carcasa duradera ayudan a mantener una forma y durabilidad constantes, entrenamiento tras entrenamiento.      Beneficios    La carcasa cosida a m\u00e1quina optimiza la forma, la sensaci\u00f3n y la durabilidad.  La vejiga de goma ayuda a mantener la presi\u00f3n del aire y la forma.    Detalles de producto    60 % caucho\/15 % poliuretano (PU)\/13 % poli\u00e9ster\/12 % etileno acetato de vinilo (EVA)  Importado  Color que se muestra: Blanco\/Negro\/Oro\/Negro  Estilo: FB2978-102                                                                                                                                                                                                                                                                                                                                                                                                                                                                                                                                                                                                                                                                                                                                                                                                                                                                                                                                                                                                                                        <\/p>\n","protected":false},"excerpt":{"rendered":"<p>NIKE PITCH<\/p>\n","protected":false},"featured_media":54460,"template":"","meta":[],"product_brand":[],"product_cat":[347],"product_tag":[37],"class_list":{"0":"post-40501","1":"product","2":"type-product","3":"status-publish","4":"has-post-thumbnail","6":"product_cat-deportes_balones","7":"product_tag-nike","8":"pa_color-unico","9":"pa_talla-169","10":"thunk-woo-product-list","11":"opn-qv-enable","12":"open-woo-hover-","13":"open-single-product-tab-horizontal","14":"open-shadow-","15":"open-shadow-hover-","17":"first","18":"instock","19":"shipping-taxable","20":"purchasable","21":"product-type-variable"},"jetpack_sharing_enabled":true,"_links":{"self":[{"href":"https:\/\/www.deporteseli.com\/index.php?rest_route=\/wp\/v2\/product\/40501","targetHints":{"allow":["GET"]}}],"collection":[{"href":"https:\/\/www.deporteseli.com\/index.php?rest_route=\/wp\/v2\/product"}],"about":[{"href":"https:\/\/www.deporteseli.com\/index.php?rest_route=\/wp\/v2\/types\/product"}],"wp:featuredmedia":[{"embeddable":true,"href":"https:\/\/www.deporteseli.com\/index.php?rest_route=\/wp\/v2\/media\/54460"}],"wp:attachment":[{"href":"https:\/\/www.deporteseli.com\/index.php?rest_route=%2Fwp%2Fv2%2Fmedia&parent=40501"}],"wp:term":[{"taxonomy":"product_brand","embeddable":true,"href":"https:\/\/www.deporteseli.com\/index.php?rest_route=%2Fwp%2Fv2%2Fproduct_brand&post=40501"},{"taxonomy":"product_cat","embeddable":true,"href":"https:\/\/www.deporteseli.com\/index.php?rest_route=%2Fwp%2Fv2%2Fproduct_cat&post=40501"},{"taxonomy":"product_tag","embeddable":true,"href":"https:\/\/www.deporteseli.com\/index.php?rest_route=%2Fwp%2Fv2%2Fproduct_tag&post=40501"}],"curies":[{"name":"wp","href":"https:\/\/api.w.org\/{rel}","templated":true}]}}