{"id":40499,"date":"2026-01-27T18:55:03","date_gmt":"2026-01-27T18:55:03","guid":{"rendered":"https:\/\/www.deporteseli.com\/?product=pantalon-corto-de-punto-nike"},"modified":"2026-03-07T05:44:11","modified_gmt":"2026-03-07T05:44:11","slug":"pantalon-corto-de-punto-nike","status":"publish","type":"product","link":"https:\/\/www.deporteseli.com\/?product=pantalon-corto-de-punto-nike","title":{"rendered":"PANTAL\u00f3N CORTO DE PUNTO NIKE"},"content":{"rendered":"<p>Buscas comodidad ligera y transpirable bajo el sol, Ponte un par de estos pantalones cortos para hombre de nuestra colecci\u00f3n Nike Club. El corte por encima de la rodilla est\u00e1 dise\u00f1ado para sentirse relajado alrededor del asiento y los muslos para un uso diario informal. Un logotipo Nike Futura bordado aporta un acabado sutil inspirado en el deporte.                                                                                                                                                                                                                                                                                                                                                                                                                                                                                                                                                                                                                                                                                                                                                                                                                                                                                                                                                                                                                                        <\/p>\n","protected":false},"excerpt":{"rendered":"<p>PANTAL\u00f3N CORTO DE PUNTO NIKE<\/p>\n","protected":false},"featured_media":54457,"template":"","meta":[],"product_brand":[],"product_cat":[251],"product_tag":[37],"class_list":{"0":"post-40499","1":"product","2":"type-product","3":"status-publish","4":"has-post-thumbnail","6":"product_cat-hombre_textil_shorts","7":"product_tag-nike","8":"pa_color-unico","9":"pa_talla-s","10":"thunk-woo-product-list","11":"opn-qv-enable","12":"open-woo-hover-","13":"open-single-product-tab-horizontal","14":"open-shadow-","15":"open-shadow-hover-","17":"first","18":"instock","19":"shipping-taxable","20":"purchasable","21":"product-type-variable"},"jetpack_sharing_enabled":true,"_links":{"self":[{"href":"https:\/\/www.deporteseli.com\/index.php?rest_route=\/wp\/v2\/product\/40499","targetHints":{"allow":["GET"]}}],"collection":[{"href":"https:\/\/www.deporteseli.com\/index.php?rest_route=\/wp\/v2\/product"}],"about":[{"href":"https:\/\/www.deporteseli.com\/index.php?rest_route=\/wp\/v2\/types\/product"}],"wp:featuredmedia":[{"embeddable":true,"href":"https:\/\/www.deporteseli.com\/index.php?rest_route=\/wp\/v2\/media\/54457"}],"wp:attachment":[{"href":"https:\/\/www.deporteseli.com\/index.php?rest_route=%2Fwp%2Fv2%2Fmedia&parent=40499"}],"wp:term":[{"taxonomy":"product_brand","embeddable":true,"href":"https:\/\/www.deporteseli.com\/index.php?rest_route=%2Fwp%2Fv2%2Fproduct_brand&post=40499"},{"taxonomy":"product_cat","embeddable":true,"href":"https:\/\/www.deporteseli.com\/index.php?rest_route=%2Fwp%2Fv2%2Fproduct_cat&post=40499"},{"taxonomy":"product_tag","embeddable":true,"href":"https:\/\/www.deporteseli.com\/index.php?rest_route=%2Fwp%2Fv2%2Fproduct_tag&post=40499"}],"curies":[{"name":"wp","href":"https:\/\/api.w.org\/{rel}","templated":true}]}}