{"id":40492,"date":"2026-01-27T18:54:54","date_gmt":"2026-01-27T18:54:54","guid":{"rendered":"https:\/\/www.deporteseli.com\/?product=zapatillas-de-running-nike-revolution-7"},"modified":"2026-01-27T18:55:02","modified_gmt":"2026-01-27T18:55:02","slug":"zapatillas-de-running-nike-revolution-7","status":"publish","type":"product","link":"https:\/\/www.deporteseli.com\/?product=zapatillas-de-running-nike-revolution-7","title":{"rendered":"ZAPATILLAS DE RUNNING NIKE REVOLUTION 7"},"content":{"rendered":"<p>Las Revolution 7 cuentan con una amortiguaci\u00f3n suave y una sujeci\u00f3n que podr\u00edan cambiar tu sesiones de running. Son m\u00e1s elegantes que nunca, muy c\u00f3modas cuando la goma golpea el asfalto y con gran rendimiento para alcanzar el ritmo que buscas, adem\u00e1s de una pisada suave. Son la versi\u00f3n evolucionada de un modelo muy popular entre la comunidad.      Pisada suave    La mediasuela de espuma ofrece una pisada suave. Este modelo tiene un poco m\u00e1s de espacio en el antepi\u00e9 que el anterior, las 6, para que los dedos no queden apretados.      Suavidad al tacto    Hemos a\u00f1adido acolchado en el tal\u00f3n que se puede apreciar en la parte exterior de las zapatillas. Son suaves al tacto y aportan comodidad al tend\u00f3n de Aquiles. Los puntos de contacto en la leng\u00fceta crean una sensaci\u00f3n natural al despegar.      Con agarre para mayor seguridad    La suela exterior cuenta con un patr\u00f3n de tracci\u00f3n generativa que se combina con tacos de goma para ofrecer un mayor agarre tanto en las subidas como en las bajadas.                                                                                                                                                                                                                                                                                                                                                                                                                                                                                                                                                                                                                                                                                                                                                                                                                                                                                                                                                                                                                                        <\/p>\n","protected":false},"excerpt":{"rendered":"<p>ZAPATILLAS DE RUNNING NIKE REVOLUTION 7<\/p>\n","protected":false},"featured_media":54452,"template":"","meta":[],"product_brand":[],"product_cat":[285],"product_tag":[37],"class_list":{"0":"post-40492","1":"product","2":"type-product","3":"status-publish","4":"has-post-thumbnail","6":"product_cat-mujer_calzado_running","7":"product_tag-nike","8":"pa_color-unico","9":"pa_talla-141","10":"pa_talla-37-5","11":"pa_talla-145","12":"pa_talla-147","13":"pa_talla-149","14":"pa_talla-151","15":"thunk-woo-product-list","16":"opn-qv-enable","17":"open-woo-hover-","18":"open-single-product-tab-horizontal","19":"open-shadow-","20":"open-shadow-hover-","22":"first","23":"instock","24":"sale","25":"shipping-taxable","26":"purchasable","27":"product-type-variable"},"jetpack_sharing_enabled":true,"_links":{"self":[{"href":"https:\/\/www.deporteseli.com\/index.php?rest_route=\/wp\/v2\/product\/40492","targetHints":{"allow":["GET"]}}],"collection":[{"href":"https:\/\/www.deporteseli.com\/index.php?rest_route=\/wp\/v2\/product"}],"about":[{"href":"https:\/\/www.deporteseli.com\/index.php?rest_route=\/wp\/v2\/types\/product"}],"wp:featuredmedia":[{"embeddable":true,"href":"https:\/\/www.deporteseli.com\/index.php?rest_route=\/wp\/v2\/media\/54452"}],"wp:attachment":[{"href":"https:\/\/www.deporteseli.com\/index.php?rest_route=%2Fwp%2Fv2%2Fmedia&parent=40492"}],"wp:term":[{"taxonomy":"product_brand","embeddable":true,"href":"https:\/\/www.deporteseli.com\/index.php?rest_route=%2Fwp%2Fv2%2Fproduct_brand&post=40492"},{"taxonomy":"product_cat","embeddable":true,"href":"https:\/\/www.deporteseli.com\/index.php?rest_route=%2Fwp%2Fv2%2Fproduct_cat&post=40492"},{"taxonomy":"product_tag","embeddable":true,"href":"https:\/\/www.deporteseli.com\/index.php?rest_route=%2Fwp%2Fv2%2Fproduct_tag&post=40492"}],"curies":[{"name":"wp","href":"https:\/\/api.w.org\/{rel}","templated":true}]}}