{"id":40489,"date":"2026-01-27T18:54:50","date_gmt":"2026-01-27T18:54:50","guid":{"rendered":"https:\/\/www.deporteseli.com\/?product=pantalon-corto-aeroready-essentials-chelsea-3-2"},"modified":"2026-03-07T05:44:09","modified_gmt":"2026-03-07T05:44:09","slug":"pantalon-corto-aeroready-essentials-chelsea-3-2","status":"publish","type":"product","link":"https:\/\/www.deporteseli.com\/?product=pantalon-corto-aeroready-essentials-chelsea-3-2","title":{"rendered":"PANTAL\u00f3N CORTO AEROREADY ESSENTIALS CHELSEA 3"},"content":{"rendered":"<p>EL ESTILO DEL F\u00daTBOL PARA TU D\u00cdA A D\u00cdA  Este pantal\u00f3n corto adidas incorpora un calzoncillo interior de malla transpirable que te ofrece mayor cobertura y comodidad en los d\u00edas m\u00e1s ajetreados. La tecnolog\u00eda AEROREADY mantiene la piel seca en todo momento. Las 3 bandas en los laterales dejan bien claro que formas parte de la familia adidas.  Corte cl\u00e1sico  Cintura el\u00e1stica con cord\u00f3n ajustable  Exterior: tejido t\u00e9cnico 100% poli\u00e9ster reciclado  Calzoncillo integrado: malla 100% poli\u00e9ster reciclado  AEROREADY  Bolsillos laterales  Tiro de la entrepierna: 17,75 cm  Color del art\u00edculo: Legend Ink \/ White  N\u00famero de art\u00edculo: IC1485                                                                                                                                                                                                                                                                                                                                                                                                                                                                                                                                                                                                                                                                                                                                                                                                                                                                                                                                                                                                                                        <\/p>\n","protected":false},"excerpt":{"rendered":"<p>PANTAL\u00f3N CORTO AEROREADY ESSENTIALS CHELSEA 3<\/p>\n","protected":false},"featured_media":54448,"template":"","meta":[],"product_brand":[],"product_cat":[251],"product_tag":[18],"class_list":{"0":"post-40489","1":"product","2":"type-product","3":"status-publish","4":"has-post-thumbnail","6":"product_cat-hombre_textil_shorts","7":"product_tag-adidas","8":"pa_color-unico","9":"pa_talla-l","10":"pa_talla-s","11":"thunk-woo-product-list","12":"opn-qv-enable","13":"open-woo-hover-","14":"open-single-product-tab-horizontal","15":"open-shadow-","16":"open-shadow-hover-","18":"first","19":"instock","20":"shipping-taxable","21":"purchasable","22":"product-type-variable"},"jetpack_sharing_enabled":true,"_links":{"self":[{"href":"https:\/\/www.deporteseli.com\/index.php?rest_route=\/wp\/v2\/product\/40489","targetHints":{"allow":["GET"]}}],"collection":[{"href":"https:\/\/www.deporteseli.com\/index.php?rest_route=\/wp\/v2\/product"}],"about":[{"href":"https:\/\/www.deporteseli.com\/index.php?rest_route=\/wp\/v2\/types\/product"}],"wp:featuredmedia":[{"embeddable":true,"href":"https:\/\/www.deporteseli.com\/index.php?rest_route=\/wp\/v2\/media\/54448"}],"wp:attachment":[{"href":"https:\/\/www.deporteseli.com\/index.php?rest_route=%2Fwp%2Fv2%2Fmedia&parent=40489"}],"wp:term":[{"taxonomy":"product_brand","embeddable":true,"href":"https:\/\/www.deporteseli.com\/index.php?rest_route=%2Fwp%2Fv2%2Fproduct_brand&post=40489"},{"taxonomy":"product_cat","embeddable":true,"href":"https:\/\/www.deporteseli.com\/index.php?rest_route=%2Fwp%2Fv2%2Fproduct_cat&post=40489"},{"taxonomy":"product_tag","embeddable":true,"href":"https:\/\/www.deporteseli.com\/index.php?rest_route=%2Fwp%2Fv2%2Fproduct_tag&post=40489"}],"curies":[{"name":"wp","href":"https:\/\/api.w.org\/{rel}","templated":true}]}}