{"id":40470,"date":"2026-01-27T18:54:27","date_gmt":"2026-01-27T18:54:27","guid":{"rendered":"https:\/\/www.deporteseli.com\/?product=zapatilla-vl-court-3-0"},"modified":"2026-03-28T05:19:08","modified_gmt":"2026-03-28T05:19:08","slug":"zapatilla-vl-court-3-0","status":"publish","type":"product","link":"https:\/\/www.deporteseli.com\/?product=zapatilla-vl-court-3-0","title":{"rendered":"ZAPATILLA VL COURT 3.0"},"content":{"rendered":"<p>ADU\u00c9\u00d1ATE DE LA CALLE  Esta zapatilla adidas presenta un dise\u00f1o refinado y f\u00e1cil de combinar con las emblem\u00e1ticas 3 bandas sobre un fondo de tacto suave. La parte superior de ante cuenta con un forro que ofrece una ligera amortiguaci\u00f3n y te permite afrontar el d\u00eda con mayor comodidad. La suela de goma vulcanizada es perfecta para practicar tus trucos de skate o explorar la ciudad.  Horma cl\u00e1sica  Cierre de cordones  Parte superior de ante  Forro textil  Mediasuela con amortiguaci\u00f3n  Suela de goma vulcanizada  Color del art\u00edculo: Cloud White \/ Core Black \/ Grey One  N\u00famero de art\u00edculo: ID6285                                                                                                                                                                                                                                                                                                                                                                                                                                                                                                                                                                                                                                                                                                                                                                                                                                                                                                                                                                                                                                        <\/p>\n","protected":false},"excerpt":{"rendered":"<p>ZAPATILLA VL COURT 3.0<\/p>\n","protected":false},"featured_media":54436,"template":"","meta":[],"product_brand":[],"product_cat":[261],"product_tag":[18],"class_list":{"0":"post-40470","1":"product","2":"type-product","3":"status-publish","4":"has-post-thumbnail","6":"product_cat-hombre_calzado_casual","7":"product_tag-adidas","8":"pa_color-unico","9":"pa_talla-39-5","10":"pa_talla-149","11":"pa_talla-40-5","12":"pa_talla-41-5","13":"pa_talla-153","14":"pa_talla-42-5","15":"pa_talla-43-5","16":"pa_talla-157","17":"pa_talla-44-5","18":"pa_talla-45-5","19":"pa_talla-161","20":"pa_talla-46-5","21":"pa_talla-163","22":"thunk-woo-product-list","23":"opn-qv-enable","24":"open-woo-hover-","25":"open-single-product-tab-horizontal","26":"open-shadow-","27":"open-shadow-hover-","29":"first","30":"instock","31":"sale","32":"shipping-taxable","33":"purchasable","34":"product-type-variable"},"jetpack_sharing_enabled":true,"_links":{"self":[{"href":"https:\/\/www.deporteseli.com\/index.php?rest_route=\/wp\/v2\/product\/40470","targetHints":{"allow":["GET"]}}],"collection":[{"href":"https:\/\/www.deporteseli.com\/index.php?rest_route=\/wp\/v2\/product"}],"about":[{"href":"https:\/\/www.deporteseli.com\/index.php?rest_route=\/wp\/v2\/types\/product"}],"wp:featuredmedia":[{"embeddable":true,"href":"https:\/\/www.deporteseli.com\/index.php?rest_route=\/wp\/v2\/media\/54436"}],"wp:attachment":[{"href":"https:\/\/www.deporteseli.com\/index.php?rest_route=%2Fwp%2Fv2%2Fmedia&parent=40470"}],"wp:term":[{"taxonomy":"product_brand","embeddable":true,"href":"https:\/\/www.deporteseli.com\/index.php?rest_route=%2Fwp%2Fv2%2Fproduct_brand&post=40470"},{"taxonomy":"product_cat","embeddable":true,"href":"https:\/\/www.deporteseli.com\/index.php?rest_route=%2Fwp%2Fv2%2Fproduct_cat&post=40470"},{"taxonomy":"product_tag","embeddable":true,"href":"https:\/\/www.deporteseli.com\/index.php?rest_route=%2Fwp%2Fv2%2Fproduct_tag&post=40470"}],"curies":[{"name":"wp","href":"https:\/\/api.w.org\/{rel}","templated":true}]}}