{"id":40454,"date":"2026-01-27T18:54:07","date_gmt":"2026-01-27T18:54:07","guid":{"rendered":"https:\/\/www.deporteseli.com\/?product=short-bullpadel-lilao-verde-bosque"},"modified":"2026-03-07T05:43:50","modified_gmt":"2026-03-07T05:43:50","slug":"short-bullpadel-lilao-verde-bosque","status":"publish","type":"product","link":"https:\/\/www.deporteseli.com\/?product=short-bullpadel-lilao-verde-bosque","title":{"rendered":"SHORT BULLPADEL LILAO VERDE BOSQUE"},"content":{"rendered":"<p>Short de 42 cm de largo, con cinturilla el\u00e1stica con cord\u00f3n ajustable, bolsillos laterales, braguero interior y gr\u00e1fico de la l\u00ednea en el latera. Fabricado con tejido ligero en poli\u00e9ster con efecto Fake Mesh. Se le aplica el acabado Quickerdry, tecnolog\u00eda que utiliza microfilamentos para reducir la humedad y ayudar a la transpiraci\u00f3n.  Short de hombre de nuestra l\u00ednea Court.    Color: Verde bosque    Composici\u00f3n: 100% Poli\u00e9ster. Marbled fake mesh    Tejido t\u00e9cnico: Quickerdy                                                                                                                                                                                                                                                                                                                                                                                                                                                                                                                                                                                                                                                                                                                                                                                                                                                                                                                                                                                                                                        <\/p>\n","protected":false},"excerpt":{"rendered":"<p>SHORT BULLPADEL LILAO VERDE BOSQUE<\/p>\n","protected":false},"featured_media":54412,"template":"","meta":[],"product_brand":[],"product_cat":[365],"product_tag":[21],"class_list":{"0":"post-40454","1":"product","2":"type-product","3":"status-publish","4":"has-post-thumbnail","6":"product_cat-padel_y_tenis_textil_shorts","7":"product_tag-bull_padel","8":"pa_color-unico","9":"pa_talla-s","10":"pa_talla-xl","11":"thunk-woo-product-list","12":"opn-qv-enable","13":"open-woo-hover-","14":"open-single-product-tab-horizontal","15":"open-shadow-","16":"open-shadow-hover-","18":"first","19":"instock","20":"shipping-taxable","21":"purchasable","22":"product-type-variable"},"jetpack_sharing_enabled":true,"_links":{"self":[{"href":"https:\/\/www.deporteseli.com\/index.php?rest_route=\/wp\/v2\/product\/40454","targetHints":{"allow":["GET"]}}],"collection":[{"href":"https:\/\/www.deporteseli.com\/index.php?rest_route=\/wp\/v2\/product"}],"about":[{"href":"https:\/\/www.deporteseli.com\/index.php?rest_route=\/wp\/v2\/types\/product"}],"wp:featuredmedia":[{"embeddable":true,"href":"https:\/\/www.deporteseli.com\/index.php?rest_route=\/wp\/v2\/media\/54412"}],"wp:attachment":[{"href":"https:\/\/www.deporteseli.com\/index.php?rest_route=%2Fwp%2Fv2%2Fmedia&parent=40454"}],"wp:term":[{"taxonomy":"product_brand","embeddable":true,"href":"https:\/\/www.deporteseli.com\/index.php?rest_route=%2Fwp%2Fv2%2Fproduct_brand&post=40454"},{"taxonomy":"product_cat","embeddable":true,"href":"https:\/\/www.deporteseli.com\/index.php?rest_route=%2Fwp%2Fv2%2Fproduct_cat&post=40454"},{"taxonomy":"product_tag","embeddable":true,"href":"https:\/\/www.deporteseli.com\/index.php?rest_route=%2Fwp%2Fv2%2Fproduct_tag&post=40454"}],"curies":[{"name":"wp","href":"https:\/\/api.w.org\/{rel}","templated":true}]}}