{"id":40449,"date":"2026-01-27T18:54:01","date_gmt":"2026-01-27T18:54:01","guid":{"rendered":"https:\/\/www.deporteseli.com\/?product=zapatilla-bullpadel-ionic-24v-naranja"},"modified":"2026-02-16T07:48:02","modified_gmt":"2026-02-16T07:48:02","slug":"zapatilla-bullpadel-ionic-24v-naranja","status":"publish","type":"product","link":"https:\/\/www.deporteseli.com\/?product=zapatilla-bullpadel-ionic-24v-naranja","title":{"rendered":"ZAPATILLA BULLPADEL IONIC 24V NARANJA"},"content":{"rendered":"<p>Modelo rompedor, donde destaca por encima de todo su dise\u00f1o desenfadado.    De la mano de las espectaculares palas IONIC, ser\u00e1 el modelo que utilicen nuestras j\u00f3venes promesas Alex Arroyo y Javier Leal. Su suela nos permitir\u00e1 evolucionar en nuestro juego gracias a la combinaci\u00f3n id\u00f3nea entre movilidad y agarre, adem\u00e1s de aportarnos la amortiguaci\u00f3n requerida en nuestra evoluci\u00f3n.  Modelo rompedor, donde destaca por encima de todo su dise\u00f1o desenfadado. Es el calzado elegido por nuestras j\u00f3venes promesas Alex Arroyo y Javier Leal.    Color: Naranja                                                                                                                                                                                                                                                                                                                                                                                                                                                                                                                                                                                                                                                                                                                                                                                                                                                                                                                                                                                                                                        <\/p>\n","protected":false},"excerpt":{"rendered":"<p>ZAPATILLA BULLPADEL IONIC 24V NARANJA<\/p>\n","protected":false},"featured_media":54408,"template":"","meta":[],"product_brand":[],"product_cat":[371],"product_tag":[21],"class_list":{"0":"post-40449","1":"product","2":"type-product","3":"status-publish","4":"has-post-thumbnail","6":"product_cat-padel_y_tenis_calzado","7":"product_tag-bull_padel","8":"pa_color-unico","9":"pa_talla-153","10":"pa_talla-155","11":"pa_talla-159","12":"pa_talla-161","13":"thunk-woo-product-list","14":"opn-qv-enable","15":"open-woo-hover-","16":"open-single-product-tab-horizontal","17":"open-shadow-","18":"open-shadow-hover-","20":"first","21":"instock","22":"sale","23":"shipping-taxable","24":"purchasable","25":"product-type-variable"},"jetpack_sharing_enabled":true,"_links":{"self":[{"href":"https:\/\/www.deporteseli.com\/index.php?rest_route=\/wp\/v2\/product\/40449","targetHints":{"allow":["GET"]}}],"collection":[{"href":"https:\/\/www.deporteseli.com\/index.php?rest_route=\/wp\/v2\/product"}],"about":[{"href":"https:\/\/www.deporteseli.com\/index.php?rest_route=\/wp\/v2\/types\/product"}],"wp:featuredmedia":[{"embeddable":true,"href":"https:\/\/www.deporteseli.com\/index.php?rest_route=\/wp\/v2\/media\/54408"}],"wp:attachment":[{"href":"https:\/\/www.deporteseli.com\/index.php?rest_route=%2Fwp%2Fv2%2Fmedia&parent=40449"}],"wp:term":[{"taxonomy":"product_brand","embeddable":true,"href":"https:\/\/www.deporteseli.com\/index.php?rest_route=%2Fwp%2Fv2%2Fproduct_brand&post=40449"},{"taxonomy":"product_cat","embeddable":true,"href":"https:\/\/www.deporteseli.com\/index.php?rest_route=%2Fwp%2Fv2%2Fproduct_cat&post=40449"},{"taxonomy":"product_tag","embeddable":true,"href":"https:\/\/www.deporteseli.com\/index.php?rest_route=%2Fwp%2Fv2%2Fproduct_tag&post=40449"}],"curies":[{"name":"wp","href":"https:\/\/api.w.org\/{rel}","templated":true}]}}