{"id":40385,"date":"2026-01-27T18:52:41","date_gmt":"2026-01-27T18:52:41","guid":{"rendered":"https:\/\/www.deporteseli.com\/?product=wilson-wr8201501-triniti-72-pelotas-carton"},"modified":"2026-01-27T18:52:42","modified_gmt":"2026-01-27T18:52:42","slug":"wilson-wr8201501-triniti-72-pelotas-carton","status":"publish","type":"product","link":"https:\/\/www.deporteseli.com\/?product=wilson-wr8201501-triniti-72-pelotas-carton","title":{"rendered":"WILSON WR8201501 TRINITI, 72 PELOTAS, CART\u00f3N"},"content":{"rendered":"<p>Caja con 72 pelotas de tenis Triniti, Pelota de alto rendimiento en envase reciclable  N\u00facleo fabricado con tecnolog\u00eda Engage Core: plast\u00f3mero que proporciona una experiencia de pelota 4 veces m\u00e1s duradera  Exterior fabricado con fieltro STR, 50 % m\u00e1s flexible que el fieltro normal para un Adecuado contacto contra el cordaje y durabilidad \u00f3ptima  Adecuada para clubes y academias de tenis, Desde el embalaje sostenible directamente a las cestas de tenis  Contenido: 1 x Wilson Pelotas de tenis Triniti, 72 unidades, Envase 100% reciclable, Amarillo, WR8201501                                                                                                                                                                                                                                                                                                                                                                                                                                                                                                                                                                                                                                                                                                                                                                                                                                                                                                                                                                                                                                        <\/p>\n","protected":false},"excerpt":{"rendered":"<p>WILSON WR8201501 TRINITI, 72 PELOTAS, CART\u00f3N<\/p>\n","protected":false},"featured_media":54388,"template":"","meta":[],"product_brand":[],"product_cat":[348],"product_tag":[57],"class_list":{"0":"post-40385","1":"product","2":"type-product","3":"status-publish","4":"has-post-thumbnail","6":"product_cat-deportes_tenis","7":"product_tag-wilson","8":"pa_color-unico","9":"pa_talla-unica","10":"thunk-woo-product-list","11":"opn-qv-enable","12":"open-woo-hover-","13":"open-single-product-tab-horizontal","14":"open-shadow-","15":"open-shadow-hover-","17":"first","18":"instock","19":"shipping-taxable","20":"purchasable","21":"product-type-variable"},"jetpack_sharing_enabled":true,"_links":{"self":[{"href":"https:\/\/www.deporteseli.com\/index.php?rest_route=\/wp\/v2\/product\/40385","targetHints":{"allow":["GET"]}}],"collection":[{"href":"https:\/\/www.deporteseli.com\/index.php?rest_route=\/wp\/v2\/product"}],"about":[{"href":"https:\/\/www.deporteseli.com\/index.php?rest_route=\/wp\/v2\/types\/product"}],"wp:featuredmedia":[{"embeddable":true,"href":"https:\/\/www.deporteseli.com\/index.php?rest_route=\/wp\/v2\/media\/54388"}],"wp:attachment":[{"href":"https:\/\/www.deporteseli.com\/index.php?rest_route=%2Fwp%2Fv2%2Fmedia&parent=40385"}],"wp:term":[{"taxonomy":"product_brand","embeddable":true,"href":"https:\/\/www.deporteseli.com\/index.php?rest_route=%2Fwp%2Fv2%2Fproduct_brand&post=40385"},{"taxonomy":"product_cat","embeddable":true,"href":"https:\/\/www.deporteseli.com\/index.php?rest_route=%2Fwp%2Fv2%2Fproduct_cat&post=40385"},{"taxonomy":"product_tag","embeddable":true,"href":"https:\/\/www.deporteseli.com\/index.php?rest_route=%2Fwp%2Fv2%2Fproduct_tag&post=40385"}],"curies":[{"name":"wp","href":"https:\/\/api.w.org\/{rel}","templated":true}]}}