{"id":40374,"date":"2026-01-27T18:52:26","date_gmt":"2026-01-27T18:52:26","guid":{"rendered":"https:\/\/www.deporteseli.com\/?product=zapatillas-futbol-sala-joma-dribling-2401-neg"},"modified":"2026-01-27T18:52:28","modified_gmt":"2026-01-27T18:52:28","slug":"zapatillas-futbol-sala-joma-dribling-2401-neg","status":"publish","type":"product","link":"https:\/\/www.deporteseli.com\/?product=zapatillas-futbol-sala-joma-dribling-2401-neg","title":{"rendered":"ZAPATILLAS FUTBOL SALA JOMA DRIBLING 2401 NEG"},"content":{"rendered":"<p>  Caracter\u00edsticas  Este modelo de f\u00fatbol sala se ha desarrollado con materiales resistentes para adaptarse a cualquier terreno de juego.    Con estas vers\u00e1tiles zapatillas, podr\u00e1s jugar en cualquier lugar.    Transpirabilidad, estabilidad y resistencia son el resultado de la perfecta combinaci\u00f3n de material sint\u00e9tico y tejido de malla con la que est\u00e1 confeccionada su parte superior.    Adem\u00e1s, en la parte superior se han a\u00f1adido unas peque\u00f1as perforaciones conocidas como nom VTS que ayudan a evacuar el sudor para que tus pies se mantengan frescos y secos.    La tecnolog\u00eda PERFECT FIT de los cordones garantiza un mejor agarre al adaptarse perfectamente al pie.    En la puntera cuentan con una pieza PROTECTION que protege la zona y reactiva el golpeo del bal\u00f3n.    La suela de goma de alta calidad DURABILITY resiste a la abrasi\u00f3n.    Adem\u00e1s, el movimiento natural del pie est\u00e1 garantizado gracias a structure ROTATION, que facilita el giro, y a las l\u00edneas FLEXO, que ofrecen una flexibilidad inigualable.                                                                                                                                                                                                                                                                                                                                                                                                                                                                                                                                                                                                                                                                                                                                                                                                                                                                                                                                                                                                                                        <\/p>\n","protected":false},"excerpt":{"rendered":"<p>ZAPATILLAS FUTBOL SALA JOMA DRIBLING 2401 NEG<\/p>\n","protected":false},"featured_media":54375,"template":"","meta":[],"product_brand":[],"product_cat":[323],"product_tag":[31],"class_list":{"0":"post-40374","1":"product","2":"type-product","3":"status-publish","4":"has-post-thumbnail","6":"product_cat-deportes_futbol_botas_sala","7":"product_tag-joma","8":"pa_color-unico","9":"pa_talla-157","10":"thunk-woo-product-list","11":"opn-qv-enable","12":"open-woo-hover-","13":"open-single-product-tab-horizontal","14":"open-shadow-","15":"open-shadow-hover-","17":"first","18":"instock","19":"sale","20":"shipping-taxable","21":"purchasable","22":"product-type-variable"},"jetpack_sharing_enabled":true,"_links":{"self":[{"href":"https:\/\/www.deporteseli.com\/index.php?rest_route=\/wp\/v2\/product\/40374","targetHints":{"allow":["GET"]}}],"collection":[{"href":"https:\/\/www.deporteseli.com\/index.php?rest_route=\/wp\/v2\/product"}],"about":[{"href":"https:\/\/www.deporteseli.com\/index.php?rest_route=\/wp\/v2\/types\/product"}],"wp:featuredmedia":[{"embeddable":true,"href":"https:\/\/www.deporteseli.com\/index.php?rest_route=\/wp\/v2\/media\/54375"}],"wp:attachment":[{"href":"https:\/\/www.deporteseli.com\/index.php?rest_route=%2Fwp%2Fv2%2Fmedia&parent=40374"}],"wp:term":[{"taxonomy":"product_brand","embeddable":true,"href":"https:\/\/www.deporteseli.com\/index.php?rest_route=%2Fwp%2Fv2%2Fproduct_brand&post=40374"},{"taxonomy":"product_cat","embeddable":true,"href":"https:\/\/www.deporteseli.com\/index.php?rest_route=%2Fwp%2Fv2%2Fproduct_cat&post=40374"},{"taxonomy":"product_tag","embeddable":true,"href":"https:\/\/www.deporteseli.com\/index.php?rest_route=%2Fwp%2Fv2%2Fproduct_tag&post=40374"}],"curies":[{"name":"wp","href":"https:\/\/api.w.org\/{rel}","templated":true}]}}