{"id":40366,"date":"2026-01-27T18:52:15","date_gmt":"2026-01-27T18:52:15","guid":{"rendered":"https:\/\/www.deporteseli.com\/?product=zapatillas-reebok-rush-runner-5-syn-alt"},"modified":"2026-01-27T18:52:17","modified_gmt":"2026-01-27T18:52:17","slug":"zapatillas-reebok-rush-runner-5-syn-alt","status":"publish","type":"product","link":"https:\/\/www.deporteseli.com\/?product=zapatillas-reebok-rush-runner-5-syn-alt","title":{"rendered":"ZAPATILLAS REEBOK RUSH RUNNER 5 SYN ALT"},"content":{"rendered":"<p>Descripci\u00f3n  ESTAS ZAPATILLAS HAN SIDO DISE\u00d1ADAS PARA LA AVENTURA    Estas zapatillas Reebok son para moverse, ya sea en el gimnasio o fuera de \u00e9l. Est\u00e1n confeccionadas con una parte superior de malla ligera, un tal\u00f3n acolchado y una entresuela EVA acolchada para una mayor comodidad. Una tira de VELCRO\u00ae y una leng\u00fceta en el tal\u00f3n las hacen f\u00e1ciles de poner y quitar.  .Rosa claro, rosa y blanco  Parte superior de malla, tejido y cuero  Bucle en el tal\u00f3n  Logo estampado en el lateral del tal\u00f3n  Tobillo y leng\u00fceta acolchados  Etiqueta del logo en la leng\u00fceta  Entresuela EVA moldeada  Suela exterior de goma contorneada  Cierre con VELCRO\u00ae, cordones y etiqueta en contraste en la parte delantera  ID del modelo: 100034149                                                                                                                                                                                                                                                                                                                                                                                                                                                                                                                                                                                                                                                                                                                                                                                                                                                                                                                                                                                                                                        <\/p>\n","protected":false},"excerpt":{"rendered":"<p>ZAPATILLAS REEBOK RUSH RUNNER 5 SYN ALT<\/p>\n","protected":false},"featured_media":54366,"template":"","meta":[],"product_brand":[],"product_cat":[390],"product_tag":[41],"class_list":{"0":"post-40366","1":"product","2":"type-product","3":"status-publish","4":"has-post-thumbnail","6":"product_cat-ninas_calzado_running","7":"product_tag-reebok","8":"pa_color-unico","9":"pa_talla-131","10":"thunk-woo-product-list","11":"opn-qv-enable","12":"open-woo-hover-","13":"open-single-product-tab-horizontal","14":"open-shadow-","15":"open-shadow-hover-","17":"first","18":"instock","19":"sale","20":"shipping-taxable","21":"purchasable","22":"product-type-variable"},"jetpack_sharing_enabled":true,"_links":{"self":[{"href":"https:\/\/www.deporteseli.com\/index.php?rest_route=\/wp\/v2\/product\/40366","targetHints":{"allow":["GET"]}}],"collection":[{"href":"https:\/\/www.deporteseli.com\/index.php?rest_route=\/wp\/v2\/product"}],"about":[{"href":"https:\/\/www.deporteseli.com\/index.php?rest_route=\/wp\/v2\/types\/product"}],"wp:featuredmedia":[{"embeddable":true,"href":"https:\/\/www.deporteseli.com\/index.php?rest_route=\/wp\/v2\/media\/54366"}],"wp:attachment":[{"href":"https:\/\/www.deporteseli.com\/index.php?rest_route=%2Fwp%2Fv2%2Fmedia&parent=40366"}],"wp:term":[{"taxonomy":"product_brand","embeddable":true,"href":"https:\/\/www.deporteseli.com\/index.php?rest_route=%2Fwp%2Fv2%2Fproduct_brand&post=40366"},{"taxonomy":"product_cat","embeddable":true,"href":"https:\/\/www.deporteseli.com\/index.php?rest_route=%2Fwp%2Fv2%2Fproduct_cat&post=40366"},{"taxonomy":"product_tag","embeddable":true,"href":"https:\/\/www.deporteseli.com\/index.php?rest_route=%2Fwp%2Fv2%2Fproduct_tag&post=40366"}],"curies":[{"name":"wp","href":"https:\/\/api.w.org\/{rel}","templated":true}]}}