{"id":40360,"date":"2026-01-27T18:52:07","date_gmt":"2026-01-27T18:52:07","guid":{"rendered":"https:\/\/www.deporteseli.com\/?product=bolas-dunlop-fort-4"},"modified":"2026-03-19T05:18:23","modified_gmt":"2026-03-19T05:18:23","slug":"bolas-dunlop-fort-4","status":"publish","type":"product","link":"https:\/\/www.deporteseli.com\/?product=bolas-dunlop-fort-4","title":{"rendered":"BOLAS DUNLOP FORT 4"},"content":{"rendered":"<p>el bote de pelotas dunlop fort all court contiene 4 pelotas. Tiene un comportamiento de juego excelente en todas las pistas. Las pelotas presurizadas fort all court de dunlop tanto para jugadores profesionales como aficionados. La tecnolog\u00eda patentada \u00abduck technologie\u00bb de la fort all court de dunlop sorprende por su fieltro especialmente resistente al agua y a la humedad adem\u00e1s de su comportamiento \u00f3ptimo durante el vuelo y el rebote.  la composici\u00f3n de las pelotas a base de una mezcla de gomas \u00abhd core\u00bb muy resistente y un fieltro \u00abfluoro cloth\u00bb especialmente visible las hace aptas para el juego en todo tipo de superficies.  prueba ya las fort all court y sorpr\u00e9ndete de su resistente composici\u00f3n.  puntos fuertes:  la pelota perfecta para jugadores profesionales y aficionados  fieltro \u00abfluoro cloth\u00bb especialmente resistente al agua y a la humedad con tecnolog\u00eda patentada  \u00abduck technologie\u00bbcomportamiento \u00f3ptimo durante el vuelo y el rebote mezcla de gomas  \u00abhd core\u00bb especialmente resistente                                                                                                                                                                                                                                                                                                                                                                                                                                                                                                                                                                                                                                                                                                                                                                                                                                                                                                                                                                                                                                        <\/p>\n","protected":false},"excerpt":{"rendered":"<p>BOLAS DUNLOP FORT 4<\/p>\n","protected":false},"featured_media":54356,"template":"","meta":[],"product_brand":[],"product_cat":[348],"product_tag":[29],"class_list":{"0":"post-40360","1":"product","2":"type-product","3":"status-publish","4":"has-post-thumbnail","6":"product_cat-deportes_tenis","7":"product_tag-dunlop","8":"pa_color-unico","9":"pa_talla-unica","10":"thunk-woo-product-list","11":"opn-qv-enable","12":"open-woo-hover-","13":"open-single-product-tab-horizontal","14":"open-shadow-","15":"open-shadow-hover-","17":"first","18":"instock","19":"shipping-taxable","20":"purchasable","21":"product-type-variable"},"jetpack_sharing_enabled":true,"_links":{"self":[{"href":"https:\/\/www.deporteseli.com\/index.php?rest_route=\/wp\/v2\/product\/40360","targetHints":{"allow":["GET"]}}],"collection":[{"href":"https:\/\/www.deporteseli.com\/index.php?rest_route=\/wp\/v2\/product"}],"about":[{"href":"https:\/\/www.deporteseli.com\/index.php?rest_route=\/wp\/v2\/types\/product"}],"wp:featuredmedia":[{"embeddable":true,"href":"https:\/\/www.deporteseli.com\/index.php?rest_route=\/wp\/v2\/media\/54356"}],"wp:attachment":[{"href":"https:\/\/www.deporteseli.com\/index.php?rest_route=%2Fwp%2Fv2%2Fmedia&parent=40360"}],"wp:term":[{"taxonomy":"product_brand","embeddable":true,"href":"https:\/\/www.deporteseli.com\/index.php?rest_route=%2Fwp%2Fv2%2Fproduct_brand&post=40360"},{"taxonomy":"product_cat","embeddable":true,"href":"https:\/\/www.deporteseli.com\/index.php?rest_route=%2Fwp%2Fv2%2Fproduct_cat&post=40360"},{"taxonomy":"product_tag","embeddable":true,"href":"https:\/\/www.deporteseli.com\/index.php?rest_route=%2Fwp%2Fv2%2Fproduct_tag&post=40360"}],"curies":[{"name":"wp","href":"https:\/\/api.w.org\/{rel}","templated":true}]}}