{"id":40358,"date":"2026-01-27T18:52:04","date_gmt":"2026-01-27T18:52:04","guid":{"rendered":"https:\/\/www.deporteseli.com\/?product=head-radical-pro-2024"},"modified":"2026-01-27T18:52:06","modified_gmt":"2026-01-27T18:52:06","slug":"head-radical-pro-2024","status":"publish","type":"product","link":"https:\/\/www.deporteseli.com\/?product=head-radical-pro-2024","title":{"rendered":"HEAD RADICAL PRO 2024"},"content":{"rendered":"<p>La PALA DE P\u00c1DEL RADICAL PRO, fabricada con un molde nuevo, parte de una nueva serie en forma de l\u00e1grima y ofrece a jugadores avanzados y profesionales un control radical. La superficie de golpeo de carbono 3K mejora el grado de control y versatilidad, mientras que su peso, m\u00e1s ligero, y su balance m\u00e1s bajo mejoran el manejo. Para ofrecer una potencia superior y una sensaci\u00f3n de impacto excepcional, la pala cuenta con la innovadora tecnolog\u00eda Auxetic, mientras que la tecnolog\u00eda de tap\u00f3n blando en la base de la empu\u00f1adura proporciona un mayor confort y disminuye las vibraciones. El dise\u00f1o exclusivo en azul marino cuenta con elementos de carbono visibles que contribuyen a su look premium.      \u2022 Control radical para jugadores avanzados y profesionales  \u2022 Nueva serie en forma de l\u00e1grima fabricada con un nuevo molde  \u2022 Superficie de golpeo de carbono 3K para unos niveles superiores de control y versatilidad  \u2022 Peso reducido y balance bajo para un manejo superior  \u2022 Tecnolog\u00eda Auxetic para una potencia superior y una sensaci\u00f3n de impacto excepcional  \u2022 Tecnolog\u00eda de tap\u00f3n blando en la base de la empu\u00f1adura para un mayor confort y menos vibraciones  \u2022 Dise\u00f1o exclusivo en azul marino con carbono visible  DETALLES  TECNOLOG\u00cdAS  DELIVERY &amp; RETURNS  DETALLES  FORMA:  L\u00e1grima  PESO:  370 g \/ 13.1 oz  TAMA\u00d1O DE CABEZA:  461 cm\u00b2 \/ 71 in\u00b2  EQUILIBRIO:  260 mm \/ 1.3 in HH  BEAM:  38 mm \/ 1.5 in  TECNOLOG\u00cdAS  DELIVERY &amp; RETURNS  DETALLES  TECNOLOG\u00cdAS  AuxeticAuxetic  AUXETIC  La construcci\u00f3n Auxetic tiene una deformaci\u00f3n \u00fanica en comparaci\u00f3n con las construcciones no aux\u00e9ticas. Las construcci\u00f3n Auxetic se ensanchan cuando se aplica una fuerza de  tracci\u00f3n  y se contraen cuando se aprietan. Cuanto mayor sea la fuerza aplicada, mayor ser\u00e1 la reacci\u00f3n Auxetic.    Control FoamControl Foam  CONTROL FOAM  Para un control excepcional en cada golpe. La goma Control Foam mejora el punto dulce y el tacto al golpear la pelota.    Smart BridgeSmart Bridge  SMART BRIDGE  Cada pala tiene su ADN. Unas buscar\u00e1n control y precisi\u00f3n, otras potencia o confort. Es por ello que HEAD ha desarrollado el Smart Bridge, para adaptar la zona del puente a las necesidades de cada pala.    Optimized Sweet SpotOptimized Sweet Spot  OPTIMIZED SWEET SPOT  Cada pala tiene su ADN. La tecnolog\u00eda Optimized Sweet Spot amplia la zona del punto dulce creando un patr\u00f3n de agujeros \u00fanico para adaptarse a las caracter\u00edsticas de la pala.    Tailored FrameTailored Frame  TAILORED FRAME  El tubular se confecciona individualmente para obtener el m\u00e1ximo rendimiento en cada pala.    Soft ButtcapSoft Buttcap  SOFT BUTTCAP  El nuevo tap\u00f3n elaborado con material blando bi-componente proporciona un agarre c\u00f3modo y suave.  Con un acabado de color naranja, sirve para reducir las vibraciones y reducir la presi\u00f3n, evitando lesiones y ampollas en las manos.    Graphene InsideGraphene Inside  GRAPHENE INSIDE  Graphene fortalece el marco, proporciona una mayor estabilidad y optimiza la salida de bola.    DELIVERY &amp; RETURNS                                                                                                                                                                                                                                                                                                                                                                                                                                                                                                                                                                                                                                                                                                                                                                                                                                                                                                                                                                                                                                        <\/p>\n","protected":false},"excerpt":{"rendered":"<p>HEAD RADICAL PRO 2024<\/p>\n","protected":false},"featured_media":54351,"template":"","meta":[],"product_brand":[],"product_cat":[353],"product_tag":[22],"class_list":{"0":"post-40358","1":"product","2":"type-product","3":"status-publish","4":"has-post-thumbnail","6":"product_cat-padel_y_tenis_palas","7":"product_tag-head","8":"pa_color-unico","9":"pa_talla-unica","10":"thunk-woo-product-list","11":"opn-qv-enable","12":"open-woo-hover-","13":"open-single-product-tab-horizontal","14":"open-shadow-","15":"open-shadow-hover-","17":"first","18":"instock","19":"sale","20":"shipping-taxable","21":"purchasable","22":"product-type-variable"},"jetpack_sharing_enabled":true,"_links":{"self":[{"href":"https:\/\/www.deporteseli.com\/index.php?rest_route=\/wp\/v2\/product\/40358","targetHints":{"allow":["GET"]}}],"collection":[{"href":"https:\/\/www.deporteseli.com\/index.php?rest_route=\/wp\/v2\/product"}],"about":[{"href":"https:\/\/www.deporteseli.com\/index.php?rest_route=\/wp\/v2\/types\/product"}],"wp:featuredmedia":[{"embeddable":true,"href":"https:\/\/www.deporteseli.com\/index.php?rest_route=\/wp\/v2\/media\/54351"}],"wp:attachment":[{"href":"https:\/\/www.deporteseli.com\/index.php?rest_route=%2Fwp%2Fv2%2Fmedia&parent=40358"}],"wp:term":[{"taxonomy":"product_brand","embeddable":true,"href":"https:\/\/www.deporteseli.com\/index.php?rest_route=%2Fwp%2Fv2%2Fproduct_brand&post=40358"},{"taxonomy":"product_cat","embeddable":true,"href":"https:\/\/www.deporteseli.com\/index.php?rest_route=%2Fwp%2Fv2%2Fproduct_cat&post=40358"},{"taxonomy":"product_tag","embeddable":true,"href":"https:\/\/www.deporteseli.com\/index.php?rest_route=%2Fwp%2Fv2%2Fproduct_tag&post=40358"}],"curies":[{"name":"wp","href":"https:\/\/api.w.org\/{rel}","templated":true}]}}