{"id":40350,"date":"2026-01-27T18:51:54","date_gmt":"2026-01-27T18:51:54","guid":{"rendered":"https:\/\/www.deporteseli.com\/?product=zapatillas-bela-tour"},"modified":"2026-02-16T07:47:51","modified_gmt":"2026-02-16T07:47:51","slug":"zapatillas-bela-tour","status":"publish","type":"product","link":"https:\/\/www.deporteseli.com\/?product=zapatillas-bela-tour","title":{"rendered":"ZAPATILLAS BELA TOUR"},"content":{"rendered":"<p>Wilson presentar\u00e1 en Mil\u00e1n sus nuevas zapatillas Bela Tour  Para aprovechar la ocasi\u00f3n, Fernando Belastegu\u00edn \u00abBela\u00bb disputar\u00e1 el torneo con las nuevas zapatillas de p\u00e1del Bela Tour a modo de presentaci\u00f3n oficial. Las Bela Tour son el calzado m\u00e1s novedoso del mercado, ya que proporcionan libertad de movimiento, agarre y estabilidad al mismo tiempo. Dise\u00f1adas y probadas por el propio jugador, las Bela Tour son ideales para jugadores de p\u00e1del avanzados que deseen disputar un torneo a otro nivel.                                                                                                                                                                                                                                                                                                                                                                                                                                                                                                                                                                                                                                                                                                                                                                                                                                                                                                                                                                                                                                        <\/p>\n","protected":false},"excerpt":{"rendered":"<p>ZAPATILLAS BELA TOUR<\/p>\n","protected":false},"featured_media":54346,"template":"","meta":[],"product_brand":[],"product_cat":[371],"product_tag":[57],"class_list":{"0":"post-40350","1":"product","2":"type-product","3":"status-publish","4":"has-post-thumbnail","6":"product_cat-padel_y_tenis_calzado","7":"product_tag-wilson","8":"pa_color-unico","9":"pa_talla-41-5","10":"pa_talla-153","11":"pa_talla-42-5","12":"pa_talla-43-5","13":"pa_talla-157","14":"pa_talla-45-5","15":"pa_talla-46-5","16":"thunk-woo-product-list","17":"opn-qv-enable","18":"open-woo-hover-","19":"open-single-product-tab-horizontal","20":"open-shadow-","21":"open-shadow-hover-","23":"first","24":"instock","25":"sale","26":"shipping-taxable","27":"purchasable","28":"product-type-variable"},"jetpack_sharing_enabled":true,"_links":{"self":[{"href":"https:\/\/www.deporteseli.com\/index.php?rest_route=\/wp\/v2\/product\/40350","targetHints":{"allow":["GET"]}}],"collection":[{"href":"https:\/\/www.deporteseli.com\/index.php?rest_route=\/wp\/v2\/product"}],"about":[{"href":"https:\/\/www.deporteseli.com\/index.php?rest_route=\/wp\/v2\/types\/product"}],"wp:featuredmedia":[{"embeddable":true,"href":"https:\/\/www.deporteseli.com\/index.php?rest_route=\/wp\/v2\/media\/54346"}],"wp:attachment":[{"href":"https:\/\/www.deporteseli.com\/index.php?rest_route=%2Fwp%2Fv2%2Fmedia&parent=40350"}],"wp:term":[{"taxonomy":"product_brand","embeddable":true,"href":"https:\/\/www.deporteseli.com\/index.php?rest_route=%2Fwp%2Fv2%2Fproduct_brand&post=40350"},{"taxonomy":"product_cat","embeddable":true,"href":"https:\/\/www.deporteseli.com\/index.php?rest_route=%2Fwp%2Fv2%2Fproduct_cat&post=40350"},{"taxonomy":"product_tag","embeddable":true,"href":"https:\/\/www.deporteseli.com\/index.php?rest_route=%2Fwp%2Fv2%2Fproduct_tag&post=40350"}],"curies":[{"name":"wp","href":"https:\/\/api.w.org\/{rel}","templated":true}]}}