{"id":40346,"date":"2026-01-27T18:51:49","date_gmt":"2026-01-27T18:51:49","guid":{"rendered":"https:\/\/www.deporteseli.com\/?product=zapatillas-rebound"},"modified":"2026-01-27T18:51:50","modified_gmt":"2026-01-27T18:51:50","slug":"zapatillas-rebound","status":"publish","type":"product","link":"https:\/\/www.deporteseli.com\/?product=zapatillas-rebound","title":{"rendered":"ZAPATILLAS REBOUND"},"content":{"rendered":"<p>Las zapatillas Rebound preservan la aut\u00e9ntica esencia de PUMA en un modelo de inspiraci\u00f3n retro ideal para la nueva era del baloncesto. Presentan un exterior resistente al agua, un perfil de tipo bot\u00edn y una plantilla suave que ofrece una amortiguaci\u00f3n superior ideal para afrontar el d\u00eda a d\u00eda con comodidad y estilo.      CARACTER\u00cdSTICAS   BENEFICIOS  el exterior se ha fabricado con al menos un 20 % de materiales reciclados y la base con al menos un 10 % como paso hacia un futuro mejor  SOFTFOAM : plantilla de confort dise\u00f1ada para proporcionar una suave amortiguaci\u00f3n gracias a su tal\u00f3n extragrueso  DETALLES  Perfil medio  Exterior sint\u00e9tico  Plantilla SOFTFOAM   Entresuela de goma  Suela de goma                                                                                                                                                                                                                                                                                                                                                                                                                                                                                                                                                                                                                                                                                                                                                                                                                                                                                                                                                                                                                                        <\/p>\n","protected":false},"excerpt":{"rendered":"<p>ZAPATILLAS REBOUND<\/p>\n","protected":false},"featured_media":54338,"template":"","meta":[],"product_brand":[],"product_cat":[261],"product_tag":[32],"class_list":{"0":"post-40346","1":"product","2":"type-product","3":"status-publish","4":"has-post-thumbnail","6":"product_cat-hombre_calzado_casual","7":"product_tag-puma","8":"pa_color-unico","9":"pa_talla-155","10":"thunk-woo-product-list","11":"opn-qv-enable","12":"open-woo-hover-","13":"open-single-product-tab-horizontal","14":"open-shadow-","15":"open-shadow-hover-","17":"first","18":"instock","19":"sale","20":"shipping-taxable","21":"purchasable","22":"product-type-variable"},"jetpack_sharing_enabled":true,"_links":{"self":[{"href":"https:\/\/www.deporteseli.com\/index.php?rest_route=\/wp\/v2\/product\/40346","targetHints":{"allow":["GET"]}}],"collection":[{"href":"https:\/\/www.deporteseli.com\/index.php?rest_route=\/wp\/v2\/product"}],"about":[{"href":"https:\/\/www.deporteseli.com\/index.php?rest_route=\/wp\/v2\/types\/product"}],"wp:featuredmedia":[{"embeddable":true,"href":"https:\/\/www.deporteseli.com\/index.php?rest_route=\/wp\/v2\/media\/54338"}],"wp:attachment":[{"href":"https:\/\/www.deporteseli.com\/index.php?rest_route=%2Fwp%2Fv2%2Fmedia&parent=40346"}],"wp:term":[{"taxonomy":"product_brand","embeddable":true,"href":"https:\/\/www.deporteseli.com\/index.php?rest_route=%2Fwp%2Fv2%2Fproduct_brand&post=40346"},{"taxonomy":"product_cat","embeddable":true,"href":"https:\/\/www.deporteseli.com\/index.php?rest_route=%2Fwp%2Fv2%2Fproduct_cat&post=40346"},{"taxonomy":"product_tag","embeddable":true,"href":"https:\/\/www.deporteseli.com\/index.php?rest_route=%2Fwp%2Fv2%2Fproduct_tag&post=40346"}],"curies":[{"name":"wp","href":"https:\/\/api.w.org\/{rel}","templated":true}]}}