{"id":40343,"date":"2026-01-27T18:51:45","date_gmt":"2026-01-27T18:51:45","guid":{"rendered":"https:\/\/www.deporteseli.com\/?product=plantilla-footgel-futbol"},"modified":"2026-02-17T05:18:13","modified_gmt":"2026-02-17T05:18:13","slug":"plantilla-footgel-futbol","status":"publish","type":"product","link":"https:\/\/www.deporteseli.com\/?product=plantilla-footgel-futbol","title":{"rendered":"PLANTILLA FOOTGEL FUTBOL"},"content":{"rendered":"<p>Footgel Football  COMBATE EL DOLOR EN TUS ARTICULACIONES  Las plantillas FOOTGEL FOOTBALL est\u00e1n especialmente recomendadas para la pr\u00e1ctica del Football por su alta absorci\u00f3n de impactos y protecci\u00f3n que ofrecen, mejoran el rendimiento deportivo y protegen de lesiones. Su triple capa \u00daNICA y EXCLUSIVA ha sido desarrollada para este objetivo. Testeado por el Centro de An\u00e1lisis Biomec\u00e1nico Umana, GARANT\u00cdA y CALIDAD                                                                                                                                                                                                                                                                                                                                                                                                                                                                                                                                                                                                                                                                                                                                                                                                                                                                                                                                                                                                                                        <\/p>\n","protected":false},"excerpt":{"rendered":"<p>PLANTILLA FOOTGEL FUTBOL<\/p>\n","protected":false},"featured_media":54337,"template":"","meta":[],"product_brand":[],"product_cat":[403],"product_tag":[74],"class_list":{"0":"post-40343","1":"product","2":"type-product","3":"status-publish","4":"has-post-thumbnail","6":"product_cat-accesorios_plantillas","7":"product_tag-footgel","8":"pa_color-unico","9":"pa_talla-35-38","10":"pa_talla-39-42","11":"pa_talla-43-46","12":"thunk-woo-product-list","13":"opn-qv-enable","14":"open-woo-hover-","15":"open-single-product-tab-horizontal","16":"open-shadow-","17":"open-shadow-hover-","19":"first","20":"instock","21":"shipping-taxable","22":"purchasable","23":"product-type-variable"},"jetpack_sharing_enabled":true,"_links":{"self":[{"href":"https:\/\/www.deporteseli.com\/index.php?rest_route=\/wp\/v2\/product\/40343","targetHints":{"allow":["GET"]}}],"collection":[{"href":"https:\/\/www.deporteseli.com\/index.php?rest_route=\/wp\/v2\/product"}],"about":[{"href":"https:\/\/www.deporteseli.com\/index.php?rest_route=\/wp\/v2\/types\/product"}],"wp:featuredmedia":[{"embeddable":true,"href":"https:\/\/www.deporteseli.com\/index.php?rest_route=\/wp\/v2\/media\/54337"}],"wp:attachment":[{"href":"https:\/\/www.deporteseli.com\/index.php?rest_route=%2Fwp%2Fv2%2Fmedia&parent=40343"}],"wp:term":[{"taxonomy":"product_brand","embeddable":true,"href":"https:\/\/www.deporteseli.com\/index.php?rest_route=%2Fwp%2Fv2%2Fproduct_brand&post=40343"},{"taxonomy":"product_cat","embeddable":true,"href":"https:\/\/www.deporteseli.com\/index.php?rest_route=%2Fwp%2Fv2%2Fproduct_cat&post=40343"},{"taxonomy":"product_tag","embeddable":true,"href":"https:\/\/www.deporteseli.com\/index.php?rest_route=%2Fwp%2Fv2%2Fproduct_tag&post=40343"}],"curies":[{"name":"wp","href":"https:\/\/api.w.org\/{rel}","templated":true}]}}