{"id":40287,"date":"2026-01-27T18:50:20","date_gmt":"2026-01-27T18:50:20","guid":{"rendered":"https:\/\/www.deporteseli.com\/?product=court-vision-mid"},"modified":"2026-01-27T18:50:24","modified_gmt":"2026-01-27T18:50:24","slug":"court-vision-mid","status":"publish","type":"product","link":"https:\/\/www.deporteseli.com\/?product=court-vision-mid","title":{"rendered":"COURT VISION MID"},"content":{"rendered":"<p>Nike   zapatillas Court Vision Mid   Next Nature        Blanco, negro, gris, piel artificial, detalle del logo Swoosh, puntera redonda, cierre con cordones en la parte delantera, parche del logo en la leng\u00fceta, dise\u00f1o por el tobillo, plantilla con logo y suela de goma. Estos estilos son suministrados por un marketplace de zapatillas premium, el cual ofrece el calzado m\u00e1s codiciado y dif\u00edcil de encontrar de todo el mundo.    Composici\u00f3n  Exterior: Piel artificial 100%  Suela: Goma 100%  Forro: Otros tejidos 100%  ID de la marca: DN3577                                                                                                                                                                                                                                                                                                                                                                                                                                                                                                                                                                                                                                                                                                                                                                                                                                                                                                                                                                                                                                        <\/p>\n","protected":false},"excerpt":{"rendered":"<p>COURT VISION MID<\/p>\n","protected":false},"featured_media":54307,"template":"","meta":[],"product_brand":[],"product_cat":[261],"product_tag":[37],"class_list":{"0":"post-40287","1":"product","2":"type-product","3":"status-publish","4":"has-post-thumbnail","6":"product_cat-hombre_calzado_casual","7":"product_tag-nike","8":"pa_color-unico","9":"pa_talla-151","10":"pa_talla-153","11":"pa_talla-155","12":"thunk-woo-product-list","13":"opn-qv-enable","14":"open-woo-hover-","15":"open-single-product-tab-horizontal","16":"open-shadow-","17":"open-shadow-hover-","19":"first","20":"instock","21":"sale","22":"shipping-taxable","23":"purchasable","24":"product-type-variable"},"jetpack_sharing_enabled":true,"_links":{"self":[{"href":"https:\/\/www.deporteseli.com\/index.php?rest_route=\/wp\/v2\/product\/40287","targetHints":{"allow":["GET"]}}],"collection":[{"href":"https:\/\/www.deporteseli.com\/index.php?rest_route=\/wp\/v2\/product"}],"about":[{"href":"https:\/\/www.deporteseli.com\/index.php?rest_route=\/wp\/v2\/types\/product"}],"wp:featuredmedia":[{"embeddable":true,"href":"https:\/\/www.deporteseli.com\/index.php?rest_route=\/wp\/v2\/media\/54307"}],"wp:attachment":[{"href":"https:\/\/www.deporteseli.com\/index.php?rest_route=%2Fwp%2Fv2%2Fmedia&parent=40287"}],"wp:term":[{"taxonomy":"product_brand","embeddable":true,"href":"https:\/\/www.deporteseli.com\/index.php?rest_route=%2Fwp%2Fv2%2Fproduct_brand&post=40287"},{"taxonomy":"product_cat","embeddable":true,"href":"https:\/\/www.deporteseli.com\/index.php?rest_route=%2Fwp%2Fv2%2Fproduct_cat&post=40287"},{"taxonomy":"product_tag","embeddable":true,"href":"https:\/\/www.deporteseli.com\/index.php?rest_route=%2Fwp%2Fv2%2Fproduct_tag&post=40287"}],"curies":[{"name":"wp","href":"https:\/\/api.w.org\/{rel}","templated":true}]}}