{"id":40282,"date":"2026-01-27T18:50:14","date_gmt":"2026-01-27T18:50:14","guid":{"rendered":"https:\/\/www.deporteseli.com\/?product=balon-epp-club"},"modified":"2026-01-27T18:50:16","modified_gmt":"2026-01-27T18:50:16","slug":"balon-epp-club","status":"publish","type":"product","link":"https:\/\/www.deporteseli.com\/?product=balon-epp-club","title":{"rendered":"BAL\u00f3N EPP CLUB"},"content":{"rendered":"<p>\u00daNETE AL CLUB DEL F\u00daTBOL  Re\u00fane a tus amigos, formad equipo y preparaos para jugar. Este bal\u00f3n de f\u00fatbol adidas presenta una cubierta suave que proporciona un toque perfecto para equipos de todos los niveles. La estructura cosida a m\u00e1quina garantiza mayor resistencia al desgaste y la c\u00e1mara de butilo mantiene la presi\u00f3n del aire ayudando a que permanezca inflado durante m\u00e1s tiempo. As\u00ed que ya lo sabes, el pr\u00f3ximo fin de semana tienes una cita en el campo.  Cubierta 100% TPU  Superficie cosida a m\u00e1quina  C\u00e1mara de butilo  Es necesario inflarlo  Color del art\u00edculo: White \/ Collegiate Navy  N\u00famero de art\u00edculo: IA0917                                                                                                                                                                                                                                                                                                                                                                                                                                                                                                                                                                                                                                                                                                                                                                                                                                                                                                                                                                                                                                        <\/p>\n","protected":false},"excerpt":{"rendered":"<p>BAL\u00f3N EPP CLUB<\/p>\n","protected":false},"featured_media":54301,"template":"","meta":[],"product_brand":[],"product_cat":[347],"product_tag":[18],"class_list":{"0":"post-40282","1":"product","2":"type-product","3":"status-publish","4":"has-post-thumbnail","6":"product_cat-deportes_balones","7":"product_tag-adidas","8":"pa_color-unico","9":"pa_talla-169","10":"thunk-woo-product-list","11":"opn-qv-enable","12":"open-woo-hover-","13":"open-single-product-tab-horizontal","14":"open-shadow-","15":"open-shadow-hover-","17":"first","18":"instock","19":"shipping-taxable","20":"purchasable","21":"product-type-variable"},"jetpack_sharing_enabled":true,"_links":{"self":[{"href":"https:\/\/www.deporteseli.com\/index.php?rest_route=\/wp\/v2\/product\/40282","targetHints":{"allow":["GET"]}}],"collection":[{"href":"https:\/\/www.deporteseli.com\/index.php?rest_route=\/wp\/v2\/product"}],"about":[{"href":"https:\/\/www.deporteseli.com\/index.php?rest_route=\/wp\/v2\/types\/product"}],"wp:featuredmedia":[{"embeddable":true,"href":"https:\/\/www.deporteseli.com\/index.php?rest_route=\/wp\/v2\/media\/54301"}],"wp:attachment":[{"href":"https:\/\/www.deporteseli.com\/index.php?rest_route=%2Fwp%2Fv2%2Fmedia&parent=40282"}],"wp:term":[{"taxonomy":"product_brand","embeddable":true,"href":"https:\/\/www.deporteseli.com\/index.php?rest_route=%2Fwp%2Fv2%2Fproduct_brand&post=40282"},{"taxonomy":"product_cat","embeddable":true,"href":"https:\/\/www.deporteseli.com\/index.php?rest_route=%2Fwp%2Fv2%2Fproduct_cat&post=40282"},{"taxonomy":"product_tag","embeddable":true,"href":"https:\/\/www.deporteseli.com\/index.php?rest_route=%2Fwp%2Fv2%2Fproduct_tag&post=40282"}],"curies":[{"name":"wp","href":"https:\/\/api.w.org\/{rel}","templated":true}]}}