{"id":40280,"date":"2026-01-27T18:50:12","date_gmt":"2026-01-27T18:50:12","guid":{"rendered":"https:\/\/www.deporteseli.com\/?product=balon-starlancer-club"},"modified":"2026-01-27T18:50:13","modified_gmt":"2026-01-27T18:50:13","slug":"balon-starlancer-club","status":"publish","type":"product","link":"https:\/\/www.deporteseli.com\/?product=balon-starlancer-club","title":{"rendered":"BAL\u00f3N STARLANCER CLUB"},"content":{"rendered":"<p>MUESTRA TUS HABILIDADES  Deja que tu destreza brille cada tarde en el parque con este bal\u00f3n Starlancer Club. Dise\u00f1ado para jugar partidillos, presenta una cubierta de TPU cosida a m\u00e1quina que ofrece una mayor resistencia al desgaste y una c\u00e1mara de butilo que retiene mejor el aire. El estampado difuminado se inspira en un dise\u00f1o cl\u00e1sico de adidas.  Cubierta 100% TPU  Cosido a m\u00e1quina  C\u00e1mara de butilo  Es necesario inflarlo  Color del art\u00edculo: Solar Orange \/ Black  N\u00famero de art\u00edculo: IA0973                                                                                                                                                                                                                                                                                                                                                                                                                                                                                                                                                                                                                                                                                                                                                                                                                                                                                                                                                                                                                                        <\/p>\n","protected":false},"excerpt":{"rendered":"<p>BAL\u00f3N STARLANCER CLUB<\/p>\n","protected":false},"featured_media":54299,"template":"","meta":[],"product_brand":[],"product_cat":[347],"product_tag":[18],"class_list":{"0":"post-40280","1":"product","2":"type-product","3":"status-publish","4":"has-post-thumbnail","6":"product_cat-deportes_balones","7":"product_tag-adidas","8":"pa_color-unico","9":"pa_talla-169","10":"thunk-woo-product-list","11":"opn-qv-enable","12":"open-woo-hover-","13":"open-single-product-tab-horizontal","14":"open-shadow-","15":"open-shadow-hover-","17":"first","18":"instock","19":"shipping-taxable","20":"purchasable","21":"product-type-variable"},"jetpack_sharing_enabled":true,"_links":{"self":[{"href":"https:\/\/www.deporteseli.com\/index.php?rest_route=\/wp\/v2\/product\/40280","targetHints":{"allow":["GET"]}}],"collection":[{"href":"https:\/\/www.deporteseli.com\/index.php?rest_route=\/wp\/v2\/product"}],"about":[{"href":"https:\/\/www.deporteseli.com\/index.php?rest_route=\/wp\/v2\/types\/product"}],"wp:featuredmedia":[{"embeddable":true,"href":"https:\/\/www.deporteseli.com\/index.php?rest_route=\/wp\/v2\/media\/54299"}],"wp:attachment":[{"href":"https:\/\/www.deporteseli.com\/index.php?rest_route=%2Fwp%2Fv2%2Fmedia&parent=40280"}],"wp:term":[{"taxonomy":"product_brand","embeddable":true,"href":"https:\/\/www.deporteseli.com\/index.php?rest_route=%2Fwp%2Fv2%2Fproduct_brand&post=40280"},{"taxonomy":"product_cat","embeddable":true,"href":"https:\/\/www.deporteseli.com\/index.php?rest_route=%2Fwp%2Fv2%2Fproduct_cat&post=40280"},{"taxonomy":"product_tag","embeddable":true,"href":"https:\/\/www.deporteseli.com\/index.php?rest_route=%2Fwp%2Fv2%2Fproduct_tag&post=40280"}],"curies":[{"name":"wp","href":"https:\/\/api.w.org\/{rel}","templated":true}]}}