{"id":40269,"date":"2026-01-27T18:49:59","date_gmt":"2026-01-27T18:49:59","guid":{"rendered":"https:\/\/www.deporteseli.com\/?product=fleco-23i-2"},"modified":"2026-03-07T05:43:30","modified_gmt":"2026-03-07T05:43:30","slug":"fleco-23i-2","status":"publish","type":"product","link":"https:\/\/www.deporteseli.com\/?product=fleco-23i-2","title":{"rendered":"FLECO 23I"},"content":{"rendered":"<p>Pantal\u00f3n largo de felpa el\u00e1stica perchada.    Fitting baggy pant.    Bajo con pu\u00f1o.    Bolsillos laterales con cremallera.    Gr\u00e1fico peque\u00f1o en un lateral.    Composici\u00f3n: 64% poli\u00e9ster\/34% algod\u00f3n\/3% elast\u00e1n, elastic french terry.                                                                                                                                                                                                                                                                                                                                                                                                                                                                                                                                                                                                                                                                                                                                                                                                                                                                                                                                                                                                                                        <\/p>\n","protected":false},"excerpt":{"rendered":"<p>FLECO 23I<\/p>\n","protected":false},"featured_media":54288,"template":"","meta":[],"product_brand":[],"product_cat":[252],"product_tag":[43],"class_list":{"0":"post-40269","1":"product","2":"type-product","3":"status-publish","4":"has-post-thumbnail","6":"product_cat-hombre_textil_pantalones","7":"product_tag-jhon_smith","8":"pa_color-unico","9":"pa_talla-s","10":"thunk-woo-product-list","11":"opn-qv-enable","12":"open-woo-hover-","13":"open-single-product-tab-horizontal","14":"open-shadow-","15":"open-shadow-hover-","17":"first","18":"instock","19":"shipping-taxable","20":"purchasable","21":"product-type-variable"},"jetpack_sharing_enabled":true,"_links":{"self":[{"href":"https:\/\/www.deporteseli.com\/index.php?rest_route=\/wp\/v2\/product\/40269","targetHints":{"allow":["GET"]}}],"collection":[{"href":"https:\/\/www.deporteseli.com\/index.php?rest_route=\/wp\/v2\/product"}],"about":[{"href":"https:\/\/www.deporteseli.com\/index.php?rest_route=\/wp\/v2\/types\/product"}],"wp:featuredmedia":[{"embeddable":true,"href":"https:\/\/www.deporteseli.com\/index.php?rest_route=\/wp\/v2\/media\/54288"}],"wp:attachment":[{"href":"https:\/\/www.deporteseli.com\/index.php?rest_route=%2Fwp%2Fv2%2Fmedia&parent=40269"}],"wp:term":[{"taxonomy":"product_brand","embeddable":true,"href":"https:\/\/www.deporteseli.com\/index.php?rest_route=%2Fwp%2Fv2%2Fproduct_brand&post=40269"},{"taxonomy":"product_cat","embeddable":true,"href":"https:\/\/www.deporteseli.com\/index.php?rest_route=%2Fwp%2Fv2%2Fproduct_cat&post=40269"},{"taxonomy":"product_tag","embeddable":true,"href":"https:\/\/www.deporteseli.com\/index.php?rest_route=%2Fwp%2Fv2%2Fproduct_tag&post=40269"}],"curies":[{"name":"wp","href":"https:\/\/api.w.org\/{rel}","templated":true}]}}