{"id":40257,"date":"2026-01-27T18:49:43","date_gmt":"2026-01-27T18:49:43","guid":{"rendered":"https:\/\/www.deporteseli.com\/?product=rinonera-puma-phase"},"modified":"2026-01-27T18:49:44","modified_gmt":"2026-01-27T18:49:44","slug":"rinonera-puma-phase","status":"publish","type":"product","link":"https:\/\/www.deporteseli.com\/?product=rinonera-puma-phase","title":{"rendered":"RI\u00f1ONERA PUMA PHASE"},"content":{"rendered":"<p>Ve con las manos libres con la ri\u00f1onera PUMA Phase. Es una manera conveniente de guardar tus elementos esenciales que no te estorben, dej\u00e1ndote libre para seguir con tu d\u00eda.      CARACTER\u00cdSTICAS Y BENEFICIOS  Fabricado con al menos un 30 % de material reciclado como un paso hacia un futuro mejor.  DETALLES  Apertura con cremallera en el compartimento principal  Bolsillo con forro dentro del compartimento principal  Correa de cincha ajustable con cierre de hebilla con la marca  Panel trasero acolchado  Tirador de cremallera de metal con la marca PUMA.  Logotipo PUMA N\u00b0 1 estampado en el panel frontal  19,50x7x15cm, 2,5L  Material de informaci\u00f3n  Forro: 100% poli\u00e9ster  Exterior: 100% poli\u00e9ster                                                                                                                                                                                                                                                                                                                                                                                                                                                                                                                                                                                                                                                                                                                                                                                                                                                                                                                                                                                                                                        <\/p>\n","protected":false},"excerpt":{"rendered":"<p>RI\u00f1ONERA PUMA PHASE<\/p>\n","protected":false},"featured_media":54276,"template":"","meta":[],"product_brand":[],"product_cat":[410],"product_tag":[32],"class_list":{"0":"post-40257","1":"product","2":"type-product","3":"status-publish","4":"has-post-thumbnail","6":"product_cat-accesorios_rinoneras","7":"product_tag-puma","8":"pa_color-unico","9":"pa_talla-unica","10":"thunk-woo-product-list","11":"opn-qv-enable","12":"open-woo-hover-","13":"open-single-product-tab-horizontal","14":"open-shadow-","15":"open-shadow-hover-","17":"first","18":"instock","19":"shipping-taxable","20":"purchasable","21":"product-type-variable"},"jetpack_sharing_enabled":true,"_links":{"self":[{"href":"https:\/\/www.deporteseli.com\/index.php?rest_route=\/wp\/v2\/product\/40257","targetHints":{"allow":["GET"]}}],"collection":[{"href":"https:\/\/www.deporteseli.com\/index.php?rest_route=\/wp\/v2\/product"}],"about":[{"href":"https:\/\/www.deporteseli.com\/index.php?rest_route=\/wp\/v2\/types\/product"}],"wp:featuredmedia":[{"embeddable":true,"href":"https:\/\/www.deporteseli.com\/index.php?rest_route=\/wp\/v2\/media\/54276"}],"wp:attachment":[{"href":"https:\/\/www.deporteseli.com\/index.php?rest_route=%2Fwp%2Fv2%2Fmedia&parent=40257"}],"wp:term":[{"taxonomy":"product_brand","embeddable":true,"href":"https:\/\/www.deporteseli.com\/index.php?rest_route=%2Fwp%2Fv2%2Fproduct_brand&post=40257"},{"taxonomy":"product_cat","embeddable":true,"href":"https:\/\/www.deporteseli.com\/index.php?rest_route=%2Fwp%2Fv2%2Fproduct_cat&post=40257"},{"taxonomy":"product_tag","embeddable":true,"href":"https:\/\/www.deporteseli.com\/index.php?rest_route=%2Fwp%2Fv2%2Fproduct_tag&post=40257"}],"curies":[{"name":"wp","href":"https:\/\/api.w.org\/{rel}","templated":true}]}}