{"id":40253,"date":"2026-01-27T18:49:38","date_gmt":"2026-01-27T18:49:38","guid":{"rendered":"https:\/\/www.deporteseli.com\/?product=balon-nike-cu80134"},"modified":"2026-01-27T18:49:39","modified_gmt":"2026-01-27T18:49:39","slug":"balon-nike-cu80134","status":"publish","type":"product","link":"https:\/\/www.deporteseli.com\/?product=balon-nike-cu80134","title":{"rendered":"BALON NIKE CU80134"},"content":{"rendered":"<p>Si eres un apasionado del f\u00fatbol y buscas un bal\u00f3n de calidad para tus partidos, el Nike Bal\u00f3n CU8034-720 es la opci\u00f3n ideal. Este bal\u00f3n ha sido dise\u00f1ado para ofrecer un rendimiento excepcional en el campo, gracias a su construcci\u00f3n de alta calidad y su dise\u00f1o innovador.    Construcci\u00f3n de alta calidad  El Nike Bal\u00f3n CU8034-720 est\u00e1 fabricado con materiales de alta calidad que garantizan una durabilidad excepcional. Su cubierta de poliuretano termopl\u00e1stico (TPU) es resistente a la abrasi\u00f3n y a los impactos, lo que lo hace ideal para su uso en superficies duras y \u00e1speras. Adem\u00e1s, su c\u00e1mara de aire de butilo mantiene la forma del bal\u00f3n y asegura una excelente retenci\u00f3n de aire.                                                                                                                                                                                                                                                                                                                                                                                                                                                                                                                                                                                                                                                                                                                                                                                                                                                                                                                                                                                                                                        <\/p>\n","protected":false},"excerpt":{"rendered":"<p>BALON NIKE CU80134<\/p>\n","protected":false},"featured_media":54274,"template":"","meta":[],"product_brand":[],"product_cat":[347],"product_tag":[37],"class_list":{"0":"post-40253","1":"product","2":"type-product","3":"status-publish","4":"has-post-thumbnail","6":"product_cat-deportes_balones","7":"product_tag-nike","8":"pa_color-unico","9":"pa_talla-169","10":"thunk-woo-product-list","11":"opn-qv-enable","12":"open-woo-hover-","13":"open-single-product-tab-horizontal","14":"open-shadow-","15":"open-shadow-hover-","17":"first","18":"instock","19":"shipping-taxable","20":"purchasable","21":"product-type-variable"},"jetpack_sharing_enabled":true,"_links":{"self":[{"href":"https:\/\/www.deporteseli.com\/index.php?rest_route=\/wp\/v2\/product\/40253","targetHints":{"allow":["GET"]}}],"collection":[{"href":"https:\/\/www.deporteseli.com\/index.php?rest_route=\/wp\/v2\/product"}],"about":[{"href":"https:\/\/www.deporteseli.com\/index.php?rest_route=\/wp\/v2\/types\/product"}],"wp:featuredmedia":[{"embeddable":true,"href":"https:\/\/www.deporteseli.com\/index.php?rest_route=\/wp\/v2\/media\/54274"}],"wp:attachment":[{"href":"https:\/\/www.deporteseli.com\/index.php?rest_route=%2Fwp%2Fv2%2Fmedia&parent=40253"}],"wp:term":[{"taxonomy":"product_brand","embeddable":true,"href":"https:\/\/www.deporteseli.com\/index.php?rest_route=%2Fwp%2Fv2%2Fproduct_brand&post=40253"},{"taxonomy":"product_cat","embeddable":true,"href":"https:\/\/www.deporteseli.com\/index.php?rest_route=%2Fwp%2Fv2%2Fproduct_cat&post=40253"},{"taxonomy":"product_tag","embeddable":true,"href":"https:\/\/www.deporteseli.com\/index.php?rest_route=%2Fwp%2Fv2%2Fproduct_tag&post=40253"}],"curies":[{"name":"wp","href":"https:\/\/api.w.org\/{rel}","templated":true}]}}