{"id":40249,"date":"2026-01-27T18:49:33","date_gmt":"2026-01-27T18:49:33","guid":{"rendered":"https:\/\/www.deporteseli.com\/?product=mallas-essentials-de-algodon-3-rayas"},"modified":"2026-03-07T05:43:17","modified_gmt":"2026-03-07T05:43:17","slug":"mallas-essentials-de-algodon-3-rayas","status":"publish","type":"product","link":"https:\/\/www.deporteseli.com\/?product=mallas-essentials-de-algodon-3-rayas","title":{"rendered":"MALLAS ESSENTIALS DE ALGOD\u00f3N 3 RAYAS"},"content":{"rendered":"<p>DESCRIPCI\u00d3N DEL PRODUCTO  MALLAS ESSENTIALS DE ALGOD\u00d3N 3 RAYAS  LEGGINGS IC\u00d3NICOS DE 3 RAYAS.  Paseando al perro o viendo una pel\u00edcula, estas mallas adidas para j\u00f3venes son una elecci\u00f3n c\u00f3moda. Estas mallas limpias y cl\u00e1sicas combinan bien con camisetas sin mangas de entrenamiento y camisetas informales, mientras que la cintura el\u00e1stica de talle medio est\u00e1 dise\u00f1ada para permanecer quieta en cada paso, estirarse y acurrucarse en el sof\u00e1. Nuestros productos de algod\u00f3n apoyan un cultivo de algod\u00f3n m\u00e1s sostenible.  DETALLES DE PRODUCTO  Ajuste apretado  cintura el\u00e1stica  Jersey sencillo 93% algod\u00f3n, 7% elastano  Cintura media                                                                                                                                                                                                                                                                                                                                                                                                                                                                                                                                                                                                                                                                                                                                                                                                                                                                                                                                                                                                                                        <\/p>\n","protected":false},"excerpt":{"rendered":"<p>MALLAS ESSENTIALS DE ALGOD\u00f3N 3 RAYAS<\/p>\n","protected":false},"featured_media":54270,"template":"","meta":[],"product_brand":[],"product_cat":[386],"product_tag":[18],"class_list":{"0":"post-40249","1":"product","2":"type-product","3":"status-publish","4":"has-post-thumbnail","6":"product_cat-ninas_textil_mallas","7":"product_tag-adidas","8":"pa_color-unico","9":"pa_talla-t-12","10":"pa_talla-t-14","11":"pa_talla-t-16","12":"thunk-woo-product-list","13":"opn-qv-enable","14":"open-woo-hover-","15":"open-single-product-tab-horizontal","16":"open-shadow-","17":"open-shadow-hover-","19":"first","20":"instock","21":"shipping-taxable","22":"purchasable","23":"product-type-variable"},"jetpack_sharing_enabled":true,"_links":{"self":[{"href":"https:\/\/www.deporteseli.com\/index.php?rest_route=\/wp\/v2\/product\/40249","targetHints":{"allow":["GET"]}}],"collection":[{"href":"https:\/\/www.deporteseli.com\/index.php?rest_route=\/wp\/v2\/product"}],"about":[{"href":"https:\/\/www.deporteseli.com\/index.php?rest_route=\/wp\/v2\/types\/product"}],"wp:featuredmedia":[{"embeddable":true,"href":"https:\/\/www.deporteseli.com\/index.php?rest_route=\/wp\/v2\/media\/54270"}],"wp:attachment":[{"href":"https:\/\/www.deporteseli.com\/index.php?rest_route=%2Fwp%2Fv2%2Fmedia&parent=40249"}],"wp:term":[{"taxonomy":"product_brand","embeddable":true,"href":"https:\/\/www.deporteseli.com\/index.php?rest_route=%2Fwp%2Fv2%2Fproduct_brand&post=40249"},{"taxonomy":"product_cat","embeddable":true,"href":"https:\/\/www.deporteseli.com\/index.php?rest_route=%2Fwp%2Fv2%2Fproduct_cat&post=40249"},{"taxonomy":"product_tag","embeddable":true,"href":"https:\/\/www.deporteseli.com\/index.php?rest_route=%2Fwp%2Fv2%2Fproduct_tag&post=40249"}],"curies":[{"name":"wp","href":"https:\/\/api.w.org\/{rel}","templated":true}]}}