{"id":40247,"date":"2026-01-27T18:49:31","date_gmt":"2026-01-27T18:49:31","guid":{"rendered":"https:\/\/www.deporteseli.com\/?product=sudadera-con-capucha-2"},"modified":"2026-03-07T05:43:13","modified_gmt":"2026-03-07T05:43:13","slug":"sudadera-con-capucha-2","status":"publish","type":"product","link":"https:\/\/www.deporteseli.com\/?product=sudadera-con-capucha-2","title":{"rendered":"SUDADERA CON CAPUCHA"},"content":{"rendered":"<p>UNA C\u00c1LIDA SUDADERA CON CAPUCHA CON UN PR\u00c1CTICO BOLSILLO TIPO CANGURO.  Una sudadera con capucha cl\u00e1sica que merece un espacio en tu armario. Confeccionada con tejido polar para brindar una sensaci\u00f3n acogedora, esta sudadera con capucha adidas para j\u00f3venes se usar\u00e1 mucho cuando el clima se vuelva fr\u00edo. La forma ligeramente extragrande es f\u00e1cil de poner sobre unos joggers o unos vaqueros. Las letras en el frente hacen una declaraci\u00f3n audaz. Nos asociamos con Better Cotton para mejorar el cultivo de algod\u00f3n a nivel mundial. Better Cotton hace que la producci\u00f3n mundial de algod\u00f3n sea mejor para las personas que lo producen, mejor para el medio ambiente en el que crece y mejor para el futuro del sector. Better Cotton se obtiene a trav\u00e9s de un modelo de cadena de custodia llamado balance de masa. Esto significa que Better Cotton no tiene trazabilidad f\u00edsica hasta los productos finales. Sin embargo, los productores de Better Cotton se benefician de la demanda de Better Cotton en vol\u00famenes equivalentes a los que  obtenemos . Obtenga m\u00e1s informaci\u00f3n aqu\u00ed: bettercotton.org\/learnmore  Ajuste holgado  Jersey con capucha  70% algod\u00f3n, 30% forro polar de poli\u00e9ster reciclado  Bolsillo canguro  Pu\u00f1os y dobladillo de canal\u00e9  Hecho con mejor algod\u00f3n  Importado  Color del producto: Negro \/ Blanco  C\u00f3digo de producto: IL4935                                                                                                                                                                                                                                                                                                                                                                                                                                                                                                                                                                                                                                                                                                                                                                                                                                                                                                                                                                                                                                        <\/p>\n","protected":false},"excerpt":{"rendered":"<p>SUDADERA CON CAPUCHA<\/p>\n","protected":false},"featured_media":54267,"template":"","meta":[],"product_brand":[],"product_cat":[302],"product_tag":[18],"class_list":{"0":"post-40247","1":"product","2":"type-product","3":"status-publish","4":"has-post-thumbnail","6":"product_cat-nino_textil_sudaderas","7":"product_tag-adidas","8":"pa_color-unico","9":"pa_talla-t-16","10":"thunk-woo-product-list","11":"opn-qv-enable","12":"open-woo-hover-","13":"open-single-product-tab-horizontal","14":"open-shadow-","15":"open-shadow-hover-","17":"first","18":"instock","19":"shipping-taxable","20":"purchasable","21":"product-type-variable"},"jetpack_sharing_enabled":true,"_links":{"self":[{"href":"https:\/\/www.deporteseli.com\/index.php?rest_route=\/wp\/v2\/product\/40247","targetHints":{"allow":["GET"]}}],"collection":[{"href":"https:\/\/www.deporteseli.com\/index.php?rest_route=\/wp\/v2\/product"}],"about":[{"href":"https:\/\/www.deporteseli.com\/index.php?rest_route=\/wp\/v2\/types\/product"}],"wp:featuredmedia":[{"embeddable":true,"href":"https:\/\/www.deporteseli.com\/index.php?rest_route=\/wp\/v2\/media\/54267"}],"wp:attachment":[{"href":"https:\/\/www.deporteseli.com\/index.php?rest_route=%2Fwp%2Fv2%2Fmedia&parent=40247"}],"wp:term":[{"taxonomy":"product_brand","embeddable":true,"href":"https:\/\/www.deporteseli.com\/index.php?rest_route=%2Fwp%2Fv2%2Fproduct_brand&post=40247"},{"taxonomy":"product_cat","embeddable":true,"href":"https:\/\/www.deporteseli.com\/index.php?rest_route=%2Fwp%2Fv2%2Fproduct_cat&post=40247"},{"taxonomy":"product_tag","embeddable":true,"href":"https:\/\/www.deporteseli.com\/index.php?rest_route=%2Fwp%2Fv2%2Fproduct_tag&post=40247"}],"curies":[{"name":"wp","href":"https:\/\/api.w.org\/{rel}","templated":true}]}}