{"id":40245,"date":"2026-01-27T18:49:28","date_gmt":"2026-01-27T18:49:28","guid":{"rendered":"https:\/\/www.deporteseli.com\/?product=mancuerna-neopreno-2kg"},"modified":"2026-01-27T18:49:30","modified_gmt":"2026-01-27T18:49:30","slug":"mancuerna-neopreno-2kg","status":"publish","type":"product","link":"https:\/\/www.deporteseli.com\/?product=mancuerna-neopreno-2kg","title":{"rendered":"MANCUERNA NEOPRENO 2KG"},"content":{"rendered":"<p>Mejora tus entrenamientos en casa con la mancuerna de Max Sports pensada para fortalecer tus brazos. Su dise\u00f1o redondeado, superficie sin aristas y recubrimiento de neopreno la convierten en la elecci\u00f3n perfecta para tus sesiones de ejercicio en casa.    2Kg de peso  Color azul  Recubierta de neopreno  Explora la comodidad con nuestra mancuerna de 2 kg en color azul, de tacto suave, con dise\u00f1o redondeado y sin aristas, adem\u00e1s de un recubrimiento de neopreno que mejora el agarre. Esta elecci\u00f3n es perfecta para tus ejercicios de resistencia muscular y tonificaci\u00f3n en casa, gracias a su peso de 2000 gramos.    Pesa Neopreno Fitness  Composici\u00f3n: 100% hierro fundido y neopreno  Peso: 2Kg                                                                                                                                                                                                                                                                                                                                                                                                                                                                                                                                                                                                                                                                                                                                                                                                                                                                                                                                                                                                                                        <\/p>\n","protected":false},"excerpt":{"rendered":"<p>MANCUERNA NEOPRENO 2KG<\/p>\n","protected":false},"featured_media":54266,"template":"","meta":[],"product_brand":[],"product_cat":[343],"product_tag":[61],"class_list":{"0":"post-40245","1":"product","2":"type-product","3":"status-publish","4":"has-post-thumbnail","6":"product_cat-deportes_gimnasio_pesas","7":"product_tag-zastor","8":"pa_color-unico","9":"pa_talla-unica","10":"thunk-woo-product-list","11":"opn-qv-enable","12":"open-woo-hover-","13":"open-single-product-tab-horizontal","14":"open-shadow-","15":"open-shadow-hover-","17":"first","18":"instock","19":"shipping-taxable","20":"purchasable","21":"product-type-variable"},"jetpack_sharing_enabled":true,"_links":{"self":[{"href":"https:\/\/www.deporteseli.com\/index.php?rest_route=\/wp\/v2\/product\/40245","targetHints":{"allow":["GET"]}}],"collection":[{"href":"https:\/\/www.deporteseli.com\/index.php?rest_route=\/wp\/v2\/product"}],"about":[{"href":"https:\/\/www.deporteseli.com\/index.php?rest_route=\/wp\/v2\/types\/product"}],"wp:featuredmedia":[{"embeddable":true,"href":"https:\/\/www.deporteseli.com\/index.php?rest_route=\/wp\/v2\/media\/54266"}],"wp:attachment":[{"href":"https:\/\/www.deporteseli.com\/index.php?rest_route=%2Fwp%2Fv2%2Fmedia&parent=40245"}],"wp:term":[{"taxonomy":"product_brand","embeddable":true,"href":"https:\/\/www.deporteseli.com\/index.php?rest_route=%2Fwp%2Fv2%2Fproduct_brand&post=40245"},{"taxonomy":"product_cat","embeddable":true,"href":"https:\/\/www.deporteseli.com\/index.php?rest_route=%2Fwp%2Fv2%2Fproduct_cat&post=40245"},{"taxonomy":"product_tag","embeddable":true,"href":"https:\/\/www.deporteseli.com\/index.php?rest_route=%2Fwp%2Fv2%2Fproduct_tag&post=40245"}],"curies":[{"name":"wp","href":"https:\/\/api.w.org\/{rel}","templated":true}]}}