{"id":40238,"date":"2026-01-27T18:49:20","date_gmt":"2026-01-27T18:49:20","guid":{"rendered":"https:\/\/www.deporteseli.com\/?product=bullpadel-towel-rojo"},"modified":"2026-01-27T18:49:23","modified_gmt":"2026-01-27T18:49:23","slug":"bullpadel-towel-rojo","status":"publish","type":"product","link":"https:\/\/www.deporteseli.com\/?product=bullpadel-towel-rojo","title":{"rendered":"BULLPADEL TOWEL ROJO"},"content":{"rendered":"<p>C\u00f3moda y funcional esta toalla est\u00e1 dise\u00f1ada para un secado absorbente en las tareas dom\u00e9sticas cotidianas, en el gimnasio, en la sauna, en la piscina.    Delicada y absorbente, est\u00e1 dise\u00f1ada para proporcionar lo \u00faltimo en durabilidad, absorbencia y calidad.    Dise\u00f1ada org\u00e1nicamente, el material utilizado en la fabricaci\u00f3n de la toalla es natural y org\u00e1nico, lo que hace que su uso sea completamente seguro y fiable.                                                                                                                                                                                                                                                                                                                                                                                                                                                                                                                                                                                                                                                                                                                                                                                                                                                                                                                                                                                                                                        <\/p>\n","protected":false},"excerpt":{"rendered":"<p>BULLPADEL TOWEL ROJO<\/p>\n","protected":false},"featured_media":54262,"template":"","meta":[],"product_brand":[],"product_cat":[242],"product_tag":[21],"class_list":{"0":"post-40238","1":"product","2":"type-product","3":"status-publish","4":"has-post-thumbnail","6":"product_cat-unisex_accesorios","7":"product_tag-bull_padel","8":"pa_color-unico","9":"pa_color-verde","10":"pa_talla-unica","11":"thunk-woo-product-list","12":"opn-qv-enable","13":"open-woo-hover-","14":"open-single-product-tab-horizontal","15":"open-shadow-","16":"open-shadow-hover-","18":"first","19":"instock","20":"shipping-taxable","21":"purchasable","22":"product-type-variable"},"jetpack_sharing_enabled":true,"_links":{"self":[{"href":"https:\/\/www.deporteseli.com\/index.php?rest_route=\/wp\/v2\/product\/40238","targetHints":{"allow":["GET"]}}],"collection":[{"href":"https:\/\/www.deporteseli.com\/index.php?rest_route=\/wp\/v2\/product"}],"about":[{"href":"https:\/\/www.deporteseli.com\/index.php?rest_route=\/wp\/v2\/types\/product"}],"wp:featuredmedia":[{"embeddable":true,"href":"https:\/\/www.deporteseli.com\/index.php?rest_route=\/wp\/v2\/media\/54262"}],"wp:attachment":[{"href":"https:\/\/www.deporteseli.com\/index.php?rest_route=%2Fwp%2Fv2%2Fmedia&parent=40238"}],"wp:term":[{"taxonomy":"product_brand","embeddable":true,"href":"https:\/\/www.deporteseli.com\/index.php?rest_route=%2Fwp%2Fv2%2Fproduct_brand&post=40238"},{"taxonomy":"product_cat","embeddable":true,"href":"https:\/\/www.deporteseli.com\/index.php?rest_route=%2Fwp%2Fv2%2Fproduct_cat&post=40238"},{"taxonomy":"product_tag","embeddable":true,"href":"https:\/\/www.deporteseli.com\/index.php?rest_route=%2Fwp%2Fv2%2Fproduct_tag&post=40238"}],"curies":[{"name":"wp","href":"https:\/\/api.w.org\/{rel}","templated":true}]}}