{"id":40219,"date":"2026-01-27T18:48:57","date_gmt":"2026-01-27T18:48:57","guid":{"rendered":"https:\/\/www.deporteseli.com\/?product=tenis-fila-anton"},"modified":"2026-03-04T05:17:49","modified_gmt":"2026-03-04T05:17:49","slug":"tenis-fila-anton","status":"publish","type":"product","link":"https:\/\/www.deporteseli.com\/?product=tenis-fila-anton","title":{"rendered":"TENIS FILA ANTON"},"content":{"rendered":"<p>Los zapatos fueron probados de acuerdo con los est\u00e1ndares industriales aplicables, incluido ASTM F2913-11. La suela antideslizante est\u00e1 dise\u00f1ada para ayudar a prevenir resbalones y ca\u00eddas, pero este no es un zapato antideslizante. Tenga siempre precauci\u00f3n en superficies resbaladizas o mojadas.    Caracter\u00edsticas:    Parte superior de cuero con superposiciones sint\u00e9ticas.  Plantilla de espuma viscoel\u00e1stica  Entresuela de espuma DLS  Suela exterior antideslizante de goma maciza.  Perfeccionamientos para la transpirabilidad.  Cierre de encaje                                                                                                                                                                                                                                                                                                                                                                                                                                                                                                                                                                                                                                                                                                                                                                                                                                                                                                                                                                                                                                        <\/p>\n","protected":false},"excerpt":{"rendered":"<p>TENIS FILA ANTON<\/p>\n","protected":false},"featured_media":54252,"template":"","meta":[],"product_brand":[],"product_cat":[285],"product_tag":[46],"class_list":{"0":"post-40219","1":"product","2":"type-product","3":"status-publish","4":"has-post-thumbnail","6":"product_cat-mujer_calzado_running","7":"product_tag-fila","8":"pa_color-unico","9":"pa_talla-143","10":"pa_talla-151","11":"thunk-woo-product-list","12":"opn-qv-enable","13":"open-woo-hover-","14":"open-single-product-tab-horizontal","15":"open-shadow-","16":"open-shadow-hover-","18":"first","19":"instock","20":"sale","21":"shipping-taxable","22":"purchasable","23":"product-type-variable"},"jetpack_sharing_enabled":true,"_links":{"self":[{"href":"https:\/\/www.deporteseli.com\/index.php?rest_route=\/wp\/v2\/product\/40219","targetHints":{"allow":["GET"]}}],"collection":[{"href":"https:\/\/www.deporteseli.com\/index.php?rest_route=\/wp\/v2\/product"}],"about":[{"href":"https:\/\/www.deporteseli.com\/index.php?rest_route=\/wp\/v2\/types\/product"}],"wp:featuredmedia":[{"embeddable":true,"href":"https:\/\/www.deporteseli.com\/index.php?rest_route=\/wp\/v2\/media\/54252"}],"wp:attachment":[{"href":"https:\/\/www.deporteseli.com\/index.php?rest_route=%2Fwp%2Fv2%2Fmedia&parent=40219"}],"wp:term":[{"taxonomy":"product_brand","embeddable":true,"href":"https:\/\/www.deporteseli.com\/index.php?rest_route=%2Fwp%2Fv2%2Fproduct_brand&post=40219"},{"taxonomy":"product_cat","embeddable":true,"href":"https:\/\/www.deporteseli.com\/index.php?rest_route=%2Fwp%2Fv2%2Fproduct_cat&post=40219"},{"taxonomy":"product_tag","embeddable":true,"href":"https:\/\/www.deporteseli.com\/index.php?rest_route=%2Fwp%2Fv2%2Fproduct_tag&post=40219"}],"curies":[{"name":"wp","href":"https:\/\/api.w.org\/{rel}","templated":true}]}}