{"id":40212,"date":"2026-01-27T18:48:48","date_gmt":"2026-01-27T18:48:48","guid":{"rendered":"https:\/\/www.deporteseli.com\/?product=sudadera-con-cremallera-evostripe"},"modified":"2026-03-07T05:42:57","modified_gmt":"2026-03-07T05:42:57","slug":"sudadera-con-cremallera-evostripe","status":"publish","type":"product","link":"https:\/\/www.deporteseli.com\/?product=sudadera-con-cremallera-evostripe","title":{"rendered":"SUDADERA CON CREMALLERA EVOSTRIPE"},"content":{"rendered":"<p>Simplifica tu armario de entrenamiento con Evostripe. Esta sudadera con capucha b\u00e1sica tiene un corte relajado, cierre de cremallera completa y se combina con nuestros tejidos que absorben la humedad para mantenerte libre de sudor mientras entrenas.      CARACTER\u00cdSTICAS   BENEFICIOS  dryCELL: Tecnolog\u00eda de alto rendimiento dise\u00f1ada para expulsar la humedad del cuerpo y mantenerte libre de sudor durante el ejercicio.  DETALLES  Corte EVOSTRIPE  Mangas ragl\u00e1n con el\u00e1stico de la marca en los pu\u00f1os  Dobladillo trasero redondeado  Capucha de cuello alto con cord\u00f3n el\u00e1stico reflectante y tope de goma para el cord\u00f3n  Cierre de cremallera  Logotipo PUMA Cat reflectante por termotransferencia en el pecho  Composici\u00f3n  Insertos: 82% Algod\u00f3n, 18% Poli\u00e9ster  Exterior: 77% Algod\u00f3n, 23% Poli\u00e9ster                                                                                                                                                                                                                                                                                                                                                                                                                                                                                                                                                                                                                                                                                                                                                                                                                                                                                                                                                                                                                                        <\/p>\n","protected":false},"excerpt":{"rendered":"<p>SUDADERA CON CREMALLERA EVOSTRIPE<\/p>\n","protected":false},"featured_media":54243,"template":"","meta":[],"product_brand":[],"product_cat":[279],"product_tag":[32],"class_list":{"0":"post-40212","1":"product","2":"type-product","3":"status-publish","4":"has-post-thumbnail","6":"product_cat-mujer_textil_sudaderas","7":"product_tag-puma","8":"pa_color-unico","9":"pa_talla-m","10":"thunk-woo-product-list","11":"opn-qv-enable","12":"open-woo-hover-","13":"open-single-product-tab-horizontal","14":"open-shadow-","15":"open-shadow-hover-","17":"first","18":"instock","19":"shipping-taxable","20":"purchasable","21":"product-type-variable"},"jetpack_sharing_enabled":true,"_links":{"self":[{"href":"https:\/\/www.deporteseli.com\/index.php?rest_route=\/wp\/v2\/product\/40212","targetHints":{"allow":["GET"]}}],"collection":[{"href":"https:\/\/www.deporteseli.com\/index.php?rest_route=\/wp\/v2\/product"}],"about":[{"href":"https:\/\/www.deporteseli.com\/index.php?rest_route=\/wp\/v2\/types\/product"}],"wp:featuredmedia":[{"embeddable":true,"href":"https:\/\/www.deporteseli.com\/index.php?rest_route=\/wp\/v2\/media\/54243"}],"wp:attachment":[{"href":"https:\/\/www.deporteseli.com\/index.php?rest_route=%2Fwp%2Fv2%2Fmedia&parent=40212"}],"wp:term":[{"taxonomy":"product_brand","embeddable":true,"href":"https:\/\/www.deporteseli.com\/index.php?rest_route=%2Fwp%2Fv2%2Fproduct_brand&post=40212"},{"taxonomy":"product_cat","embeddable":true,"href":"https:\/\/www.deporteseli.com\/index.php?rest_route=%2Fwp%2Fv2%2Fproduct_cat&post=40212"},{"taxonomy":"product_tag","embeddable":true,"href":"https:\/\/www.deporteseli.com\/index.php?rest_route=%2Fwp%2Fv2%2Fproduct_tag&post=40212"}],"curies":[{"name":"wp","href":"https:\/\/api.w.org\/{rel}","templated":true}]}}