{"id":40210,"date":"2026-01-27T18:48:46","date_gmt":"2026-01-27T18:48:46","guid":{"rendered":"https:\/\/www.deporteseli.com\/?product=camiseta-evostripe-para-mujer"},"modified":"2026-03-07T05:42:55","modified_gmt":"2026-03-07T05:42:55","slug":"camiseta-evostripe-para-mujer","status":"publish","type":"product","link":"https:\/\/www.deporteseli.com\/?product=camiseta-evostripe-para-mujer","title":{"rendered":"CAMISETA EVOSTRIPE PARA MUJER"},"content":{"rendered":"<p>Simplifica tu armario de entrenamiento con evoSTRIPE. Esta camiseta b\u00e1sica de corte holgado incorpora nuestro tejido con propiedades de absorci\u00f3n de la humedad para mantenerte seco durante los entrenamientos.      CARACTER\u00cdSTICAS   BENEFICIOS  Fabricado con al menos un 50 % de material reciclado en su composici\u00f3n como paso hacia un futuro mejor  dryCELL: tecnolog\u00eda de alto rendimiento dise\u00f1ada para absorber la humedad del cuerpo y evitar el sudor durante el ejercicio  El algod\u00f3n de los productos de PUMA procede de plantaciones que aplican los principios de la agricultura sostenible, como la eficiencia h\u00eddrica y la protecci\u00f3n de la salud del suelo. M\u00e1s informaci\u00f3n: PUMA.com\/FOREVER BETTER  DETALLES  Corte holgado  Camiseta PUMA en tejido de punto simple de algod\u00f3n en un 70 % de algod\u00f3n y un 30 % de poli\u00e9ster  Cuello redondo  Mangas ragl\u00e1n cortas que aportan movimiento  Dobladillo asim\u00e9trico  Logotipo PUMA evoSTRIPE grande en la parte delantera  Composici\u00f3n  Exterior: 65% Poli\u00e9ster, 35% Viscosa  Acanalado: 70% Algod\u00f3n, 30% Poli\u00e9ster                                                                                                                                                                                                                                                                                                                                                                                                                                                                                                                                                                                                                                                                                                                                                                                                                                                                                                                                                                                                                                        <\/p>\n","protected":false},"excerpt":{"rendered":"<p>CAMISETA EVOSTRIPE PARA MUJER<\/p>\n","protected":false},"featured_media":54241,"template":"","meta":[],"product_brand":[],"product_cat":[269],"product_tag":[32],"class_list":{"0":"post-40210","1":"product","2":"type-product","3":"status-publish","4":"has-post-thumbnail","6":"product_cat-mujer_textil_camisetas","7":"product_tag-puma","8":"pa_color-unico","9":"pa_talla-m","10":"thunk-woo-product-list","11":"opn-qv-enable","12":"open-woo-hover-","13":"open-single-product-tab-horizontal","14":"open-shadow-","15":"open-shadow-hover-","17":"first","18":"instock","19":"shipping-taxable","20":"purchasable","21":"product-type-variable"},"jetpack_sharing_enabled":true,"_links":{"self":[{"href":"https:\/\/www.deporteseli.com\/index.php?rest_route=\/wp\/v2\/product\/40210","targetHints":{"allow":["GET"]}}],"collection":[{"href":"https:\/\/www.deporteseli.com\/index.php?rest_route=\/wp\/v2\/product"}],"about":[{"href":"https:\/\/www.deporteseli.com\/index.php?rest_route=\/wp\/v2\/types\/product"}],"wp:featuredmedia":[{"embeddable":true,"href":"https:\/\/www.deporteseli.com\/index.php?rest_route=\/wp\/v2\/media\/54241"}],"wp:attachment":[{"href":"https:\/\/www.deporteseli.com\/index.php?rest_route=%2Fwp%2Fv2%2Fmedia&parent=40210"}],"wp:term":[{"taxonomy":"product_brand","embeddable":true,"href":"https:\/\/www.deporteseli.com\/index.php?rest_route=%2Fwp%2Fv2%2Fproduct_brand&post=40210"},{"taxonomy":"product_cat","embeddable":true,"href":"https:\/\/www.deporteseli.com\/index.php?rest_route=%2Fwp%2Fv2%2Fproduct_cat&post=40210"},{"taxonomy":"product_tag","embeddable":true,"href":"https:\/\/www.deporteseli.com\/index.php?rest_route=%2Fwp%2Fv2%2Fproduct_tag&post=40210"}],"curies":[{"name":"wp","href":"https:\/\/api.w.org\/{rel}","templated":true}]}}