{"id":40203,"date":"2026-01-27T18:48:37","date_gmt":"2026-01-27T18:48:37","guid":{"rendered":"https:\/\/www.deporteseli.com\/?product=chandal-para-mujer-classic-tricot"},"modified":"2026-01-27T18:48:39","modified_gmt":"2026-01-27T18:48:39","slug":"chandal-para-mujer-classic-tricot","status":"publish","type":"product","link":"https:\/\/www.deporteseli.com\/?product=chandal-para-mujer-classic-tricot","title":{"rendered":"CH\u00e1NDAL PARA MUJER CLASSIC TRICOT"},"content":{"rendered":"<p>Sal de casa con el ch\u00e1ndal deportivo Classic Tricot, que combina comodidad y estilo gracias a sus mangas ragl\u00e1n, los paneles en contraste de color y los sutiles detalles de marca.      CARACTER\u00cdSTICAS   BENEFICIOS  Contenido reciclado: fabricado con al menos un 20 % de material reciclado en su composici\u00f3n como paso hacia un futuro mejor  DETALLES  Chaqueta y pantalones de corte est\u00e1ndar  Chaqueta con cierre de cremallera completa  Bolsillos laterales en la chaqueta y los pantalones  Cintura el\u00e1stica con cord\u00f3n en los pantalones  Logotipo PUMA Cat estampado por transferencia t\u00e9rmica en la chaqueta y los pantalones  Composici\u00f3n  Exterior: 100% Poli\u00e9ster  Forro Del Bolsillo: 100% Poli\u00e9ster                                                                                                                                                                                                                                                                                                                                                                                                                                                                                                                                                                                                                                                                                                                                                                                                                                                                                                                                                                                                                                        <\/p>\n","protected":false},"excerpt":{"rendered":"<p>CH\u00e1NDAL PARA MUJER CLASSIC TRICOT<\/p>\n","protected":false},"featured_media":54236,"template":"","meta":[],"product_brand":[],"product_cat":[273],"product_tag":[32],"class_list":{"0":"post-40203","1":"product","2":"type-product","3":"status-publish","4":"has-post-thumbnail","6":"product_cat-mujer_textil_chandals","7":"product_tag-puma","8":"pa_color-unico","9":"pa_talla-xl","10":"thunk-woo-product-list","11":"opn-qv-enable","12":"open-woo-hover-","13":"open-single-product-tab-horizontal","14":"open-shadow-","15":"open-shadow-hover-","17":"first","18":"instock","19":"shipping-taxable","20":"purchasable","21":"product-type-variable"},"jetpack_sharing_enabled":true,"_links":{"self":[{"href":"https:\/\/www.deporteseli.com\/index.php?rest_route=\/wp\/v2\/product\/40203","targetHints":{"allow":["GET"]}}],"collection":[{"href":"https:\/\/www.deporteseli.com\/index.php?rest_route=\/wp\/v2\/product"}],"about":[{"href":"https:\/\/www.deporteseli.com\/index.php?rest_route=\/wp\/v2\/types\/product"}],"wp:featuredmedia":[{"embeddable":true,"href":"https:\/\/www.deporteseli.com\/index.php?rest_route=\/wp\/v2\/media\/54236"}],"wp:attachment":[{"href":"https:\/\/www.deporteseli.com\/index.php?rest_route=%2Fwp%2Fv2%2Fmedia&parent=40203"}],"wp:term":[{"taxonomy":"product_brand","embeddable":true,"href":"https:\/\/www.deporteseli.com\/index.php?rest_route=%2Fwp%2Fv2%2Fproduct_brand&post=40203"},{"taxonomy":"product_cat","embeddable":true,"href":"https:\/\/www.deporteseli.com\/index.php?rest_route=%2Fwp%2Fv2%2Fproduct_cat&post=40203"},{"taxonomy":"product_tag","embeddable":true,"href":"https:\/\/www.deporteseli.com\/index.php?rest_route=%2Fwp%2Fv2%2Fproduct_tag&post=40203"}],"curies":[{"name":"wp","href":"https:\/\/api.w.org\/{rel}","templated":true}]}}