{"id":40201,"date":"2026-01-27T18:48:35","date_gmt":"2026-01-27T18:48:35","guid":{"rendered":"https:\/\/www.deporteseli.com\/?product=gorra-daily-4"},"modified":"2026-01-27T18:48:36","modified_gmt":"2026-01-27T18:48:36","slug":"gorra-daily-4","status":"publish","type":"product","link":"https:\/\/www.deporteseli.com\/?product=gorra-daily-4","title":{"rendered":"GORRA DAILY"},"content":{"rendered":"<p>ESTILO DEPORTIVO RETRO  Camina, monta en bici o disfruta de festivales con esta gorra de b\u00e9isbol adidas. Se ha confeccionado en un tejido de algod\u00f3n suave y transpirable con un c\u00f3modo cierre ajustable en la nuca.    Este producto contiene al menos un 50% de materiales reciclados y renovables.  Exterior: sarga 100% algod\u00f3n  Forro: capa intermedia 100% poli\u00e9ster reciclado  Cinta interior para el sudor: punto doble 100% poli\u00e9ster reciclado  Corona y visera con curvatura media  Estructura de seis paneles  Cierre ajustable en la nuca  Color del art\u00edculo: Wonder Clay \/ White \/ White  N\u00famero de art\u00edculo: IM0504                                                                                                                                                                                                                                                                                                                                                                                                                                                                                                                                                                                                                                                                                                                                                                                                                                                                                                                                                                                                                                        <\/p>\n","protected":false},"excerpt":{"rendered":"<p>GORRA DAILY<\/p>\n","protected":false},"featured_media":54234,"template":"","meta":[],"product_brand":[],"product_cat":[399],"product_tag":[18],"class_list":{"0":"post-40201","1":"product","2":"type-product","3":"status-publish","4":"has-post-thumbnail","6":"product_cat-accesorios_gorras","7":"product_tag-adidas","8":"pa_color-unico","9":"pa_talla-s","10":"thunk-woo-product-list","11":"opn-qv-enable","12":"open-woo-hover-","13":"open-single-product-tab-horizontal","14":"open-shadow-","15":"open-shadow-hover-","17":"first","18":"instock","19":"shipping-taxable","20":"purchasable","21":"product-type-variable"},"jetpack_sharing_enabled":true,"_links":{"self":[{"href":"https:\/\/www.deporteseli.com\/index.php?rest_route=\/wp\/v2\/product\/40201","targetHints":{"allow":["GET"]}}],"collection":[{"href":"https:\/\/www.deporteseli.com\/index.php?rest_route=\/wp\/v2\/product"}],"about":[{"href":"https:\/\/www.deporteseli.com\/index.php?rest_route=\/wp\/v2\/types\/product"}],"wp:featuredmedia":[{"embeddable":true,"href":"https:\/\/www.deporteseli.com\/index.php?rest_route=\/wp\/v2\/media\/54234"}],"wp:attachment":[{"href":"https:\/\/www.deporteseli.com\/index.php?rest_route=%2Fwp%2Fv2%2Fmedia&parent=40201"}],"wp:term":[{"taxonomy":"product_brand","embeddable":true,"href":"https:\/\/www.deporteseli.com\/index.php?rest_route=%2Fwp%2Fv2%2Fproduct_brand&post=40201"},{"taxonomy":"product_cat","embeddable":true,"href":"https:\/\/www.deporteseli.com\/index.php?rest_route=%2Fwp%2Fv2%2Fproduct_cat&post=40201"},{"taxonomy":"product_tag","embeddable":true,"href":"https:\/\/www.deporteseli.com\/index.php?rest_route=%2Fwp%2Fv2%2Fproduct_tag&post=40201"}],"curies":[{"name":"wp","href":"https:\/\/api.w.org\/{rel}","templated":true}]}}