{"id":40197,"date":"2026-01-27T18:48:28","date_gmt":"2026-01-27T18:48:28","guid":{"rendered":"https:\/\/www.deporteseli.com\/?product=bolsa-de-deporte-mediana-essentials-linear"},"modified":"2026-01-27T18:48:30","modified_gmt":"2026-01-27T18:48:30","slug":"bolsa-de-deporte-mediana-essentials-linear","status":"publish","type":"product","link":"https:\/\/www.deporteseli.com\/?product=bolsa-de-deporte-mediana-essentials-linear","title":{"rendered":"BOLSA DE DEPORTE MEDIANA ESSENTIALS LINEAR"},"content":{"rendered":"<p>TU ESCAPADA M\u00c1S ESPERADA  Perfecta para ir al gimnasio o para tus escapadas de fin de semana. Esta bolsa de deporte adidas cuenta con una base resistente que protege tus cosas. El compartimento principal incluye una cremallera de dos direcciones que te permite acceder f\u00e1cilmente a ambos lados. Presenta diversos bolsillos y un compartimento independiente para el calzado.    Este producto se ha fabricado con diferentes materiales t\u00e9cnicos y contiene al menos un 40% de material reciclado. Su objetivo es plantear otra soluci\u00f3n m\u00e1s que ayude a eliminar los residuos pl\u00e1sticos.  Dimensiones: 22 cm x 56 cm x 28 cm  Capacidad: 39 l  Exterior y forro: tejido t\u00e9cnico 100% poli\u00e9ster reciclado  Acolchado: espuma 100% PE  Compartimento principal con cremallera de dos direcciones  Bolsillo lateral de malla, bolsillo lateral con cremallera y bolsillo frontal oculto con cremallera  Bolsillo interior colgante y compartimento independiente para el calzado  Correa ajustable para el hombro  Base revestida de TPE  Color del art\u00edculo: Wonder Clay \/ White  N\u00famero de art\u00edculo: IL5764                                                                                                                                                                                                                                                                                                                                                                                                                                                                                                                                                                                                                                                                                                                                                                                                                                                                                                                                                                                                                                        <\/p>\n","protected":false},"excerpt":{"rendered":"<p>BOLSA DE DEPORTE MEDIANA ESSENTIALS LINEAR<\/p>\n","protected":false},"featured_media":54230,"template":"","meta":[],"product_brand":[],"product_cat":[402],"product_tag":[18],"class_list":{"0":"post-40197","1":"product","2":"type-product","3":"status-publish","4":"has-post-thumbnail","6":"product_cat-accesorios_bolsos","7":"product_tag-adidas","8":"pa_color-unico","9":"pa_talla-unica","10":"thunk-woo-product-list","11":"opn-qv-enable","12":"open-woo-hover-","13":"open-single-product-tab-horizontal","14":"open-shadow-","15":"open-shadow-hover-","17":"first","18":"instock","19":"shipping-taxable","20":"purchasable","21":"product-type-variable"},"jetpack_sharing_enabled":true,"_links":{"self":[{"href":"https:\/\/www.deporteseli.com\/index.php?rest_route=\/wp\/v2\/product\/40197","targetHints":{"allow":["GET"]}}],"collection":[{"href":"https:\/\/www.deporteseli.com\/index.php?rest_route=\/wp\/v2\/product"}],"about":[{"href":"https:\/\/www.deporteseli.com\/index.php?rest_route=\/wp\/v2\/types\/product"}],"wp:featuredmedia":[{"embeddable":true,"href":"https:\/\/www.deporteseli.com\/index.php?rest_route=\/wp\/v2\/media\/54230"}],"wp:attachment":[{"href":"https:\/\/www.deporteseli.com\/index.php?rest_route=%2Fwp%2Fv2%2Fmedia&parent=40197"}],"wp:term":[{"taxonomy":"product_brand","embeddable":true,"href":"https:\/\/www.deporteseli.com\/index.php?rest_route=%2Fwp%2Fv2%2Fproduct_brand&post=40197"},{"taxonomy":"product_cat","embeddable":true,"href":"https:\/\/www.deporteseli.com\/index.php?rest_route=%2Fwp%2Fv2%2Fproduct_cat&post=40197"},{"taxonomy":"product_tag","embeddable":true,"href":"https:\/\/www.deporteseli.com\/index.php?rest_route=%2Fwp%2Fv2%2Fproduct_tag&post=40197"}],"curies":[{"name":"wp","href":"https:\/\/api.w.org\/{rel}","templated":true}]}}